{"id":5327,"date":"2024-01-06T17:54:35","date_gmt":"2024-01-06T16:54:35","guid":{"rendered":"https:\/\/www.walkingent.be\/buchen-sie-ihre-tour\/"},"modified":"2024-02-26T22:35:44","modified_gmt":"2024-02-26T21:35:44","slug":"buchen-sie-ihre-tour","status":"publish","type":"page","link":"https:\/\/www.walkingent.be\/de\/buchen-sie-ihre-tour\/","title":{"rendered":"Buchen Sie Ihre Tour!"},"content":{"rendered":"\t\t<div data-elementor-type=\"wp-page\" data-elementor-id=\"5327\" class=\"elementor elementor-5327 elementor-1344\">\n\t\t\t\t<div class=\"elementor-element elementor-element-fdaeaee e-flex e-con-boxed e-con e-parent\" data-id=\"fdaeaee\" data-element_type=\"container\" data-e-type=\"container\">\n\t\t\t\t\t<div class=\"e-con-inner\">\n\t\t\t\t<div class=\"elementor-element elementor-element-9de3ba3 elementor-widget elementor-widget-heading\" data-id=\"9de3ba3\" data-element_type=\"widget\" data-e-type=\"widget\" data-widget_type=\"heading.default\">\n\t\t\t\t<div class=\"elementor-widget-container\">\n\t\t\t\t\t<h2 class=\"elementor-heading-title elementor-size-default\">Buchen Sie Ihre Tour<\/h2>\t\t\t\t<\/div>\n\t\t\t\t<\/div>\n\t\t\t\t<div class=\"elementor-element elementor-element-b2640f9 elementor-widget-divider--view-line elementor-widget elementor-widget-divider\" data-id=\"b2640f9\" data-element_type=\"widget\" data-e-type=\"widget\" data-widget_type=\"divider.default\">\n\t\t\t\t<div class=\"elementor-widget-container\">\n\t\t\t\t\t\t\t<div class=\"elementor-divider\">\n\t\t\t<span class=\"elementor-divider-separator\">\n\t\t\t\t\t\t<\/span>\n\t\t<\/div>\n\t\t\t\t\t\t<\/div>\n\t\t\t\t<\/div>\n\t\t\t\t\t<\/div>\n\t\t\t\t<\/div>\n\t\t<div class=\"elementor-element elementor-element-7e23e0e e-grid e-con-boxed e-con e-parent\" data-id=\"7e23e0e\" data-element_type=\"container\" data-e-type=\"container\">\n\t\t\t\t\t<div class=\"e-con-inner\">\n\t\t\t\t<div class=\"elementor-element elementor-element-3558844 elementor-widget elementor-widget-text-editor\" data-id=\"3558844\" data-element_type=\"widget\" data-e-type=\"widget\" data-widget_type=\"text-editor.default\">\n\t\t\t\t<div class=\"elementor-widget-container\">\n\t\t\t\t\t\t\t\t\t<p style=\"font-size: 16px; font-style: normal; font-weight: 400;\">Genie\u00dfen Sie mit uns unsere&nbsp;<span style=\"font-weight: bold;\">Leidenschaft<\/span>! Wir lieben es, sie zu teilen.<\/p>\n<p style=\"font-size: 16px; font-style: normal;\">\u00dcber unsere Buchungsmaschine<span style=\"text-align: var(--text-align); background-color: var(--ast-global-color-4); color: var(--ast-global-color-3);\"><b>Privatbesucher<\/b> k\u00f6nnen eine F\u00fchrung online buchen und bezahlen. Reservierungen sollten vorzugsweise drei Arbeitstage im Voraus vorgenommen werden.<\/span><\/p>\n<p style=\"font-size: 16px; font-style: normal;\"><span style=\"font-weight: 400;\">Eine <\/span><b>Organisation<\/b> oder ein <b>Unternehmen<\/b>? Ihr&nbsp;<a style=\"font-weight: 400; background-color: #f5f5f5;\" href=\"https:\/\/www.walkingent.be\/de\/fuer-organisationen\/\">WalkinGent Kontakt<\/a>&nbsp;hilft Ihnen gerne mit einem ma\u00dfgeschneiderten Angebot.&nbsp;<span style=\"text-align: var(--text-align); background-color: var(--ast-global-color-4); color: var(--ast-global-color-3); font-size: 1rem;\">Unser Buchungsmodul gilt nur f\u00fcr Kunden, die keine Rechnung ben\u00f6tigen.<\/span><\/p>\t\t\t\t\t\t\t\t<\/div>\n\t\t\t\t<\/div>\n\t\t\t\t<div class=\"elementor-element elementor-element-daada2e elementor-widget elementor-widget-stepbooking\" data-id=\"daada2e\" data-element_type=\"widget\" data-e-type=\"widget\" data-widget_type=\"stepbooking.default\">\n\t\t\t\t<div class=\"elementor-widget-container\">\n\t\t\t\t\t\n<script>\n  if (typeof hasAmeliaEntitiesApiCall === 'undefined' && ('' === '' && '' !== '1')) {\n    var hasAmeliaEntitiesApiCall = true;\n  }\n  var ameliaShortcodeData = (typeof ameliaShortcodeData === 'undefined') ? [] : ameliaShortcodeData;\n  ameliaShortcodeData.push(\n    {\n      'hasApiCall': (typeof hasAmeliaEntitiesApiCall !== 'undefined') && hasAmeliaEntitiesApiCall,\n      'trigger': '',\n      'trigger_type': '',\n      'triggered_form': 'sbsNew',\n      'in_dialog': '',\n      'show': '',\n      'counter': '1000',\n      'category': '4',\n      'service': '',\n      'employee': '',\n      'location': '',\n      'package': '',\n      'layout': '1',\n    }\n  );\n\n  var ameliaShortcodeDataTriggered = (typeof ameliaShortcodeDataTriggered === 'undefined') ? [] : ameliaShortcodeDataTriggered;\n  if (ameliaShortcodeData[ameliaShortcodeData.length - 1].trigger !== '') {\n    if (ameliaShortcodeDataTriggered.filter(a => a.counter === ameliaShortcodeData[ameliaShortcodeData.length - 1].counter).length === 0) {\n      ameliaShortcodeDataTriggered.push(ameliaShortcodeData.pop());\n    } else {\n      ameliaShortcodeData.pop()\n    }\n  }\n  if (typeof hasAmeliaEntitiesApiCall !== 'undefined' && hasAmeliaEntitiesApiCall) {\n    hasAmeliaEntitiesApiCall = false;\n  }\n<\/script>\n\n<div\n  id=\"amelia-v2-booking-1000\"\n  class=\"amelia-v2-booking\"\n >\n    <step-form-wrapper><\/step-form-wrapper><\/div>\n\t\t\t\t<\/div>\n\t\t\t\t<\/div>\n\t\t\t\t\t<\/div>\n\t\t\t\t<\/div>\n\t\t\t\t<\/div>\n\t\t","protected":false},"excerpt":{"rendered":"<p>Buchen Sie Ihre Tour Genie\u00dfen Sie mit uns unsere&nbsp;Leidenschaft! Wir lieben es, sie zu teilen. \u00dcber unsere BuchungsmaschinePrivatbesucher k\u00f6nnen eine F\u00fchrung online buchen und bezahlen. Reservierungen sollten vorzugsweise drei Arbeitstage im Voraus vorgenommen werden. Eine Organisation oder ein Unternehmen? Ihr&nbsp;WalkinGent Kontakt&nbsp;hilft Ihnen gerne mit einem ma\u00dfgeschneiderten Angebot.&nbsp;Unser Buchungsmodul gilt nur f\u00fcr Kunden, die keine Rechnung [&hellip;]<\/p>\n","protected":false},"author":1,"featured_media":0,"parent":0,"menu_order":0,"comment_status":"closed","ping_status":"closed","template":"","meta":{"site-sidebar-layout":"no-sidebar","site-content-layout":"page-builder","ast-site-content-layout":"full-width-container","site-content-style":"default","site-sidebar-style":"default","ast-global-header-display":"","ast-banner-title-visibility":"","ast-main-header-display":"","ast-hfb-above-header-display":"","ast-hfb-below-header-display":"","ast-hfb-mobile-header-display":"","site-post-title":"disabled","ast-breadcrumbs-content":"","ast-featured-img":"disabled","footer-sml-layout":"","ast-disable-related-posts":"","theme-transparent-header-meta":"","adv-header-id-meta":"","stick-header-meta":"","header-above-stick-meta":"","header-main-stick-meta":"","header-below-stick-meta":"","astra-migrate-meta-layouts":"default","ast-page-background-enabled":"default","ast-page-background-meta":{"desktop":{"background-color":"","background-image":"","background-repeat":"repeat","background-position":"center center","background-size":"auto","background-attachment":"scroll","background-type":"","background-media":"","overlay-type":"","overlay-color":"","overlay-opacity":"","overlay-gradient":""},"tablet":{"background-color":"","background-image":"","background-repeat":"repeat","background-position":"center center","background-size":"auto","background-attachment":"scroll","background-type":"","background-media":"","overlay-type":"","overlay-color":"","overlay-opacity":"","overlay-gradient":""},"mobile":{"background-color":"","background-image":"","background-repeat":"repeat","background-position":"center center","background-size":"auto","background-attachment":"scroll","background-type":"","background-media":"","overlay-type":"","overlay-color":"","overlay-opacity":"","overlay-gradient":""}},"ast-content-background-meta":{"desktop":{"background-color":"var(--ast-global-color-5)","background-image":"","background-repeat":"repeat","background-position":"center center","background-size":"auto","background-attachment":"scroll","background-type":"","background-media":"","overlay-type":"","overlay-color":"","overlay-opacity":"","overlay-gradient":""},"tablet":{"background-color":"var(--ast-global-color-5)","background-image":"","background-repeat":"repeat","background-position":"center center","background-size":"auto","background-attachment":"scroll","background-type":"","background-media":"","overlay-type":"","overlay-color":"","overlay-opacity":"","overlay-gradient":""},"mobile":{"background-color":"var(--ast-global-color-5)","background-image":"","background-repeat":"repeat","background-position":"center center","background-size":"auto","background-attachment":"scroll","background-type":"","background-media":"","overlay-type":"","overlay-color":"","overlay-opacity":"","overlay-gradient":""}},"footnotes":""},"class_list":["post-5327","page","type-page","status-publish","hentry"],"_links":{"self":[{"href":"https:\/\/www.walkingent.be\/de\/wp-json\/wp\/v2\/pages\/5327","targetHints":{"allow":["GET"]}}],"collection":[{"href":"https:\/\/www.walkingent.be\/de\/wp-json\/wp\/v2\/pages"}],"about":[{"href":"https:\/\/www.walkingent.be\/de\/wp-json\/wp\/v2\/types\/page"}],"author":[{"embeddable":true,"href":"https:\/\/www.walkingent.be\/de\/wp-json\/wp\/v2\/users\/1"}],"replies":[{"embeddable":true,"href":"https:\/\/www.walkingent.be\/de\/wp-json\/wp\/v2\/comments?post=5327"}],"version-history":[{"count":0,"href":"https:\/\/www.walkingent.be\/de\/wp-json\/wp\/v2\/pages\/5327\/revisions"}],"wp:attachment":[{"href":"https:\/\/www.walkingent.be\/de\/wp-json\/wp\/v2\/media?parent=5327"}],"curies":[{"name":"wp","href":"https:\/\/api.w.org\/{rel}","templated":true}]}}