{"id":5480,"date":"2024-01-10T19:57:37","date_gmt":"2024-01-10T18:57:37","guid":{"rendered":"https:\/\/www.walkingent.be\/haftungsausschluss\/"},"modified":"2024-02-17T15:17:10","modified_gmt":"2024-02-17T14:17:10","slug":"haftungsausschluss","status":"publish","type":"page","link":"https:\/\/www.walkingent.be\/de\/haftungsausschluss\/","title":{"rendered":"Haftungsausschluss"},"content":{"rendered":"\t\t<div data-elementor-type=\"wp-page\" data-elementor-id=\"5480\" class=\"elementor elementor-5480 elementor-1552\">\n\t\t\t\t<div class=\"elementor-element elementor-element-23bdc81 e-flex e-con-boxed e-con e-parent\" data-id=\"23bdc81\" data-element_type=\"container\" data-e-type=\"container\">\n\t\t\t\t\t<div class=\"e-con-inner\">\n\t\t\t\t<div class=\"elementor-element elementor-element-d2e50da elementor-widget elementor-widget-text-editor\" data-id=\"d2e50da\" data-element_type=\"widget\" data-e-type=\"widget\" data-widget_type=\"text-editor.default\">\n\t\t\t\t<div class=\"elementor-widget-container\">\n\t\t\t\t\t\t\t\t\t<p><\/p>\n<p><span style=\"font-style: inherit; text-align: var(--text-align); background-color: var(--ast-global-color-5); color: var(--ast-global-color-3);\"><b>Allgemein<\/b><\/span><\/p>\n<p>Die Bestimmungen des vorliegenden Haftungsausschlusses gelten f\u00fcr jede Konsultation der Website walkingent.be. Die Bestimmungen dieses Haftungsausschlusses gelten f\u00fcr alle auf dieser Website verf\u00fcgbaren Produkte, Dienstleistungen, Dokumente, Modelle und Informationen. Mit dem Besuch der Website walkingent.be erkl\u00e4rt sich der Besucher ausdr\u00fccklich und vorbehaltlos mit allen Bestimmungen dieses Haftungsausschlusses einverstanden. Der Besucher akzeptiert ausdr\u00fccklich und vorbehaltlos unsere Verkaufsbedingungen. Die Bestimmungen dieses Haftungsausschlusses k\u00f6nnen von Walk vzw jederzeit einseitig ge\u00e4ndert werden. Gegebenenfalls werden die Besucher \u00fcber diese Website informiert.<\/p>\n<p>Obwohl Walk vzw die gr\u00f6\u00dftm\u00f6gliche Sorgfalt walten l\u00e4sst, um das ordnungsgem\u00e4\u00dfe Funktionieren ihrer Websites zu gew\u00e4hrleisten, k\u00f6nnen sie nicht garantieren, dass ihre Websites ohne Unterbrechungen oder Fehler funktionieren.&nbsp;<\/p>\n<p><b>Urheberrecht<\/b><\/p>\n<p>Alle auf dieser Website verf\u00fcgbaren Textdokumente, Modelle, Logos, Fotos und Produkte sind urheberrechtlich gesch\u00fctzt. Walk vzw beh\u00e4lt sich alle geistigen Eigentumsrechte an der Website selbst und an den zur Verf\u00fcgung gestellten Informationen vor.<\/p>\n<p><span style=\"font-style: inherit; font-weight: inherit; text-align: var(--text-align); background-color: var(--ast-global-color-5); color: var(--ast-global-color-3);\">Die Besucher dieser Website sind berechtigt, die abgerufenen Informationen auszudrucken und f\u00fcr den eigenen Gebrauch zu verwenden, unter Ausschluss jeglicher Weiterverbreitung, Kommerzialisierung und Verwertung durch Dritte, es sei denn, es liegt eine schriftliche Genehmigung von Walk vzw vor.<\/span><\/p>\n<p><b>Haftung<\/b><\/p>\n<p>Walk vzw ist bestrebt, aktuelle Informationen zur Verf\u00fcgung zu stellen, und diese Informationen werden mit gr\u00f6\u00dftm\u00f6glicher Sorgfalt zusammengestellt. Dennoch kann Walk vzw keine Haftung f\u00fcr die Richtigkeit oder Vollst\u00e4ndigkeit der \u00fcber diese Website abgerufenen oder ausgetauschten Informationen \u00fcbernehmen.&nbsp;<\/p>\n<p>In keinem Fall haftet Walk vzw f\u00fcr besondere, indirekte oder Folgesch\u00e4den oder f\u00fcr Sch\u00e4den, die sich aus der Unm\u00f6glichkeit der Nutzung, h\u00f6herer Gewalt, Datenverlust oder entgangenem Gewinn ergeben, unabh\u00e4ngig davon, ob diese Sch\u00e4den durch Vertrag, Fahrl\u00e4ssigkeit oder eine andere unerlaubte Handlung verursacht wurden, die aus der Nutzung oder im Zusammenhang mit der Leistung der auf der Website walkingent.be verf\u00fcgbaren Informationen, Dokumente, Modelle, Software oder der Erbringung oder Nichterbringung von Dienstleistungen von dieser Website entstehen.<\/p>\n<p><span style=\"font-style: inherit; font-weight: inherit; text-align: var(--text-align); background-color: var(--ast-global-color-5); color: var(--ast-global-color-3);\">Die Konsultation der Walk-Website erfolgt auf eigenes Risiko des Nutzers. Etwaige Sch\u00e4den, die durch das Abrufen und Herunterladen von Dokumenten und Programmen entstehen, gehen zu Lasten des Besuchers.<\/span><br><\/p>\n<p>Walk vzw haftet nicht f\u00fcr die missbr\u00e4uchliche Nutzung, die sich aus der Weitergabe von pers\u00f6nlichen Passw\u00f6rtern und\/oder Benutzernamen durch den Besucher dieser Website ergibt.<\/p>\n<p><b>Haftung f\u00fcr die Website eines Dritten<\/b><\/p>\n<p><span style=\"font-style: inherit; font-weight: inherit; text-align: var(--text-align); background-color: var(--ast-global-color-5); color: var(--ast-global-color-3);\">Walk vzw haftet nicht f\u00fcr den Inhalt anderer Websites, die \u00fcber einen Link von der Website walkingent.be zug\u00e4nglich sind. Die auf diesen Websites dargelegten Ansichten und Meinungen k\u00f6nnen in keiner Weise als die Ansichten oder Meinungen von Walk vzw angesehen werden. Walk vzw \u00fcbernimmt keine Garantie f\u00fcr die Qualit\u00e4t und Vollst\u00e4ndigkeit der Informationen auf anderen Websites, die \u00fcber einen Link von der Website walkingent.be aus zug\u00e4nglich sind.<\/span><br><\/p>\n<p><span style=\"font-style: inherit; text-align: var(--text-align); background-color: var(--ast-global-color-5); color: var(--ast-global-color-3);\"><b>Verwendung von Dokumenten<\/b><\/span><br><\/p>\n<p><span style=\"font-style: inherit; font-weight: inherit; text-align: var(--text-align); background-color: var(--ast-global-color-5); color: var(--ast-global-color-3);\">Walk vzw kann jederzeit Verbesserungen und\/oder \u00c4nderungen an den auf ihrer Website verf\u00fcgbaren Dokumenten oder Programmen vornehmen. Der Besucher haftet f\u00fcr die Auswahl der Dokumente und die Eignung des Modells bzw. der Informationen f\u00fcr seine Zwecke bzw. f\u00fcr die konkrete Nutzung durch den Besucher.<\/span><br><\/p>\n<p><span style=\"font-style: inherit; text-align: var(--text-align); background-color: var(--ast-global-color-5); color: var(--ast-global-color-3);\"><b>Geltende Rechtsvorschriften<\/b><\/span><br><\/p>\n<p><span style=\"font-style: inherit; font-weight: inherit; text-align: var(--text-align); background-color: var(--ast-global-color-5); color: var(--ast-global-color-3);\">Die Bestimmungen dieses Haftungsausschlusses unterliegen ausschlie\u00dflich dem belgischen Recht. Nur die Gerichte des Gerichtsbezirks Br\u00fcssel sind zust\u00e4ndig. Sollte eine Bestimmung dieses Haftungsausschlusses rechtswidrig, ung\u00fcltig oder nicht durchsetzbar sein, so bleiben die \u00fcbrigen Bestimmungen in vollem Umfang g\u00fcltig und durchsetzbar.<\/span><br><\/p>\n<p><span style=\"font-style: inherit; font-weight: inherit; text-align: var(--text-align); background-color: var(--ast-global-color-5); color: var(--ast-global-color-3);\">Alle hier nicht ausdr\u00fccklich gew\u00e4hrten Rechte sind vorbehalten.<\/span><\/p>\n<p><\/p>\n<p class=\"MsoNormal\" style=\"margin: 0cm; font-size: 12pt; font-family: Calibri, sans-serif; color: #000000; font-style: normal; font-weight: 400;\">\n<\/p><p><\/p>\t\t\t\t\t\t\t\t<\/div>\n\t\t\t\t<\/div>\n\t\t\t\t\t<\/div>\n\t\t\t\t<\/div>\n\t\t\t\t<\/div>\n\t\t","protected":false},"excerpt":{"rendered":"<p>Allgemein Die Bestimmungen des vorliegenden Haftungsausschlusses gelten f\u00fcr jede Konsultation der Website walkingent.be. Die Bestimmungen dieses Haftungsausschlusses gelten f\u00fcr alle auf dieser Website verf\u00fcgbaren Produkte, Dienstleistungen, Dokumente, Modelle und Informationen. Mit dem Besuch der Website walkingent.be erkl\u00e4rt sich der Besucher ausdr\u00fccklich und vorbehaltlos mit allen Bestimmungen dieses Haftungsausschlusses einverstanden. Der Besucher akzeptiert ausdr\u00fccklich und vorbehaltlos [&hellip;]<\/p>\n","protected":false},"author":1,"featured_media":0,"parent":0,"menu_order":0,"comment_status":"closed","ping_status":"closed","template":"","meta":{"site-sidebar-layout":"default","site-content-layout":"","ast-site-content-layout":"default","site-content-style":"default","site-sidebar-style":"default","ast-global-header-display":"","ast-banner-title-visibility":"","ast-main-header-display":"","ast-hfb-above-header-display":"","ast-hfb-below-header-display":"","ast-hfb-mobile-header-display":"","site-post-title":"","ast-breadcrumbs-content":"","ast-featured-img":"","footer-sml-layout":"","ast-disable-related-posts":"","theme-transparent-header-meta":"","adv-header-id-meta":"","stick-header-meta":"","header-above-stick-meta":"","header-main-stick-meta":"","header-below-stick-meta":"","astra-migrate-meta-layouts":"default","ast-page-background-enabled":"default","ast-page-background-meta":{"desktop":{"background-color":"","background-image":"","background-repeat":"repeat","background-position":"center center","background-size":"auto","background-attachment":"scroll","background-type":"","background-media":"","overlay-type":"","overlay-color":"","overlay-opacity":"","overlay-gradient":""},"tablet":{"background-color":"","background-image":"","background-repeat":"repeat","background-position":"center center","background-size":"auto","background-attachment":"scroll","background-type":"","background-media":"","overlay-type":"","overlay-color":"","overlay-opacity":"","overlay-gradient":""},"mobile":{"background-color":"","background-image":"","background-repeat":"repeat","background-position":"center center","background-size":"auto","background-attachment":"scroll","background-type":"","background-media":"","overlay-type":"","overlay-color":"","overlay-opacity":"","overlay-gradient":""}},"ast-content-background-meta":{"desktop":{"background-color":"var(--ast-global-color-5)","background-image":"","background-repeat":"repeat","background-position":"center center","background-size":"auto","background-attachment":"scroll","background-type":"","background-media":"","overlay-type":"","overlay-color":"","overlay-opacity":"","overlay-gradient":""},"tablet":{"background-color":"var(--ast-global-color-5)","background-image":"","background-repeat":"repeat","background-position":"center center","background-size":"auto","background-attachment":"scroll","background-type":"","background-media":"","overlay-type":"","overlay-color":"","overlay-opacity":"","overlay-gradient":""},"mobile":{"background-color":"var(--ast-global-color-5)","background-image":"","background-repeat":"repeat","background-position":"center center","background-size":"auto","background-attachment":"scroll","background-type":"","background-media":"","overlay-type":"","overlay-color":"","overlay-opacity":"","overlay-gradient":""}},"footnotes":""},"class_list":["post-5480","page","type-page","status-publish","hentry"],"_links":{"self":[{"href":"https:\/\/www.walkingent.be\/de\/wp-json\/wp\/v2\/pages\/5480","targetHints":{"allow":["GET"]}}],"collection":[{"href":"https:\/\/www.walkingent.be\/de\/wp-json\/wp\/v2\/pages"}],"about":[{"href":"https:\/\/www.walkingent.be\/de\/wp-json\/wp\/v2\/types\/page"}],"author":[{"embeddable":true,"href":"https:\/\/www.walkingent.be\/de\/wp-json\/wp\/v2\/users\/1"}],"replies":[{"embeddable":true,"href":"https:\/\/www.walkingent.be\/de\/wp-json\/wp\/v2\/comments?post=5480"}],"version-history":[{"count":0,"href":"https:\/\/www.walkingent.be\/de\/wp-json\/wp\/v2\/pages\/5480\/revisions"}],"wp:attachment":[{"href":"https:\/\/www.walkingent.be\/de\/wp-json\/wp\/v2\/media?parent=5480"}],"curies":[{"name":"wp","href":"https:\/\/api.w.org\/{rel}","templated":true}]}}