{"id":5095,"date":"2024-01-31T23:13:08","date_gmt":"2024-01-31T22:13:08","guid":{"rendered":"https:\/\/www.walkingent.be\/faits-marquants-de-lhistoire-lamb-of-god\/"},"modified":"2024-02-21T20:07:40","modified_gmt":"2024-02-21T19:07:40","slug":"faits-marquants-de-lhistoire-lamb-of-god","status":"publish","type":"page","link":"https:\/\/www.walkingent.be\/fr\/programmes-de-jour\/faits-marquants-de-lhistoire-lamb-of-god\/","title":{"rendered":"Faits marquants de l&rsquo;histoire &#8211; Lamb of God"},"content":{"rendered":"\t\t<div data-elementor-type=\"wp-page\" data-elementor-id=\"5095\" class=\"elementor elementor-5095 elementor-3451\">\n\t\t\t\t<div class=\"elementor-element elementor-element-ecea8e3 e-flex e-con-boxed e-con e-parent\" data-id=\"ecea8e3\" data-element_type=\"container\" data-e-type=\"container\">\n\t\t\t\t\t<div class=\"e-con-inner\">\n\t\t\t\t<div class=\"elementor-element elementor-element-d3d06be elementor-widget elementor-widget-image\" data-id=\"d3d06be\" data-element_type=\"widget\" data-e-type=\"widget\" data-widget_type=\"image.default\">\n\t\t\t\t<div class=\"elementor-widget-container\">\n\t\t\t\t\t\t\t\t\t\t\t\t\t\t\t<img fetchpriority=\"high\" decoding=\"async\" width=\"612\" height=\"390\" src=\"https:\/\/www.walkingent.be\/wp-content\/uploads\/2024\/02\/gentpix2.jpg\" class=\"attachment-medium_large size-medium_large wp-image-5026\" alt=\"\" srcset=\"https:\/\/www.walkingent.be\/wp-content\/uploads\/2024\/02\/gentpix2.jpg 612w, https:\/\/www.walkingent.be\/wp-content\/uploads\/2024\/02\/gentpix2-300x191.jpg 300w\" sizes=\"(max-width: 612px) 100vw, 612px\" \/>\t\t\t\t\t\t\t\t\t\t\t\t\t\t\t<\/div>\n\t\t\t\t<\/div>\n\t\t\t\t\t<\/div>\n\t\t\t\t<\/div>\n\t\t<div class=\"elementor-element elementor-element-96d0a71 e-flex e-con-boxed e-con e-parent\" data-id=\"96d0a71\" data-element_type=\"container\" data-e-type=\"container\">\n\t\t\t\t\t<div class=\"e-con-inner\">\n\t\t\t\t<div class=\"elementor-element elementor-element-6689b96 elementor-widget elementor-widget-heading\" data-id=\"6689b96\" data-element_type=\"widget\" data-e-type=\"widget\" data-widget_type=\"heading.default\">\n\t\t\t\t<div class=\"elementor-widget-container\">\n\t\t\t\t\t<h2 class=\"elementor-heading-title elementor-size-default\">faits marquants de l'histoire - l'Agneau mystique<\/h2>\t\t\t\t<\/div>\n\t\t\t\t<\/div>\n\t\t\t\t\t<\/div>\n\t\t\t\t<\/div>\n\t\t<div class=\"elementor-element elementor-element-9d8a23d e-flex e-con-boxed e-con e-parent\" data-id=\"9d8a23d\" data-element_type=\"container\" data-e-type=\"container\">\n\t\t\t\t\t<div class=\"e-con-inner\">\n\t\t\t\t<div class=\"elementor-element elementor-element-296b508 elementor-widget elementor-widget-text-editor\" data-id=\"296b508\" data-element_type=\"widget\" data-e-type=\"widget\" data-widget_type=\"text-editor.default\">\n\t\t\t\t<div class=\"elementor-widget-container\">\n\t\t\t\t\t\t\t\t\t<p>Capacit\u00e9 : \u00e0 partir de 20 participants <br \/>Programme d&rsquo;une demi-journ\u00e9e<\/p><p><a href=\"https:\/\/www.walkingent.be\/fr\/programmes-de-jour\/#overzicht\">Retour \u00e0 l&rsquo;aper\u00e7u<\/a><\/p>\t\t\t\t\t\t\t\t<\/div>\n\t\t\t\t<\/div>\n\t\t\t\t\t<\/div>\n\t\t\t\t<\/div>\n\t\t<div class=\"elementor-element elementor-element-4050da7 e-flex e-con-boxed e-con e-parent\" data-id=\"4050da7\" data-element_type=\"container\" data-e-type=\"container\">\n\t\t\t\t\t<div class=\"e-con-inner\">\n\t\t\t\t<div class=\"elementor-element elementor-element-1e2c41f elementor-widget elementor-widget-button\" data-id=\"1e2c41f\" data-element_type=\"widget\" data-e-type=\"widget\" data-widget_type=\"button.default\">\n\t\t\t\t<div class=\"elementor-widget-container\">\n\t\t\t\t\t\t\t\t\t<div class=\"elementor-button-wrapper\">\n\t\t\t\t\t<a class=\"elementor-button elementor-size-sm\" role=\"button\">\n\t\t\t\t\t\t<span class=\"elementor-button-content-wrapper\">\n\t\t\t\t\t\t\t\t\t<span class=\"elementor-button-text\">51 EUR<\/span>\n\t\t\t\t\t<\/span>\n\t\t\t\t\t<\/a>\n\t\t\t\t<\/div>\n\t\t\t\t\t\t\t\t<\/div>\n\t\t\t\t<\/div>\n\t\t\t\t\t<\/div>\n\t\t\t\t<\/div>\n\t\t<div class=\"elementor-element elementor-element-5d08508 e-flex e-con-boxed e-con e-parent\" data-id=\"5d08508\" data-element_type=\"container\" data-e-type=\"container\">\n\t\t\t\t\t<div class=\"e-con-inner\">\n\t\t\t\t<div class=\"elementor-element elementor-element-6b00702 elementor-widget elementor-widget-heading\" data-id=\"6b00702\" data-element_type=\"widget\" data-e-type=\"widget\" data-widget_type=\"heading.default\">\n\t\t\t\t<div class=\"elementor-widget-container\">\n\t\t\t\t\t<h3 class=\"elementor-heading-title elementor-size-default\">Description<\/h3>\t\t\t\t<\/div>\n\t\t\t\t<\/div>\n\t\t\t\t<div class=\"elementor-element elementor-element-7d374155 elementor-widget-divider--view-line elementor-widget elementor-widget-divider\" data-id=\"7d374155\" data-element_type=\"widget\" data-e-type=\"widget\" data-widget_type=\"divider.default\">\n\t\t\t\t<div class=\"elementor-widget-container\">\n\t\t\t\t\t\t\t<div class=\"elementor-divider\">\n\t\t\t<span class=\"elementor-divider-separator\">\n\t\t\t\t\t\t<\/span>\n\t\t<\/div>\n\t\t\t\t\t\t<\/div>\n\t\t\t\t<\/div>\n\t\t\t\t<div class=\"elementor-element elementor-element-d760118 elementor-widget elementor-widget-text-editor\" data-id=\"d760118\" data-element_type=\"widget\" data-e-type=\"widget\" data-widget_type=\"text-editor.default\">\n\t\t\t\t<div class=\"elementor-widget-container\">\n\t\t\t\t\t\t\t\t\t<ul><li>visite guid\u00e9e points forts de l&rsquo;histoire : 2 heures<\/li><li>visite de l&rsquo;Agneau mystique : une demi-heure<\/li><li>D\u00eener de trois plats dans le centre-ville<\/li><\/ul>\t\t\t\t\t\t\t\t<\/div>\n\t\t\t\t<\/div>\n\t\t\t\t<div class=\"elementor-element elementor-element-19fed55 elementor-widget elementor-widget-heading\" data-id=\"19fed55\" data-element_type=\"widget\" data-e-type=\"widget\" data-widget_type=\"heading.default\">\n\t\t\t\t<div class=\"elementor-widget-container\">\n\t\t\t\t\t<h5 class=\"elementor-heading-title elementor-size-default\">Prix de la visite guid\u00e9e<\/h5>\t\t\t\t<\/div>\n\t\t\t\t<\/div>\n\t\t\t\t<div class=\"elementor-element elementor-element-d193e99 elementor-widget elementor-widget-text-editor\" data-id=\"d193e99\" data-element_type=\"widget\" data-e-type=\"widget\" data-widget_type=\"text-editor.default\">\n\t\t\t\t<div class=\"elementor-widget-container\">\n\t\t\t\t\t\t\t\t\t<p><span style=\"font-style: inherit; font-weight: inherit; text-align: var(--text-align); color: var(--ast-global-color-3); background-color: var(--ast-global-color-4); caret-color: #404040;\">Le prix indiqu\u00e9 ci-dessus s&rsquo;entend par participant \u00e0 partir d&rsquo;un minimum de 20 participants.<\/span><\/p>\n\t\t\t\t\t\t\t\t<\/div>\n\t\t\t\t<\/div>\n\t\t\t\t<div class=\"elementor-element elementor-element-d050255 elementor-widget elementor-widget-heading\" data-id=\"d050255\" data-element_type=\"widget\" data-e-type=\"widget\" data-widget_type=\"heading.default\">\n\t\t\t\t<div class=\"elementor-widget-container\">\n\t\t\t\t\t<h3 class=\"elementor-heading-title elementor-size-default\">Demande de devis<\/h3>\t\t\t\t<\/div>\n\t\t\t\t<\/div>\n\t\t\t\t<div class=\"elementor-element elementor-element-e3d695c elementor-widget-divider--view-line elementor-widget elementor-widget-divider\" data-id=\"e3d695c\" data-element_type=\"widget\" data-e-type=\"widget\" data-widget_type=\"divider.default\">\n\t\t\t\t<div class=\"elementor-widget-container\">\n\t\t\t\t\t\t\t<div class=\"elementor-divider\">\n\t\t\t<span class=\"elementor-divider-separator\">\n\t\t\t\t\t\t<\/span>\n\t\t<\/div>\n\t\t\t\t\t\t<\/div>\n\t\t\t\t<\/div>\n\t\t\t\t\t<\/div>\n\t\t\t\t<\/div>\n\t\t<div class=\"elementor-element elementor-element-88d12c9 e-flex e-con-boxed e-con e-parent\" data-id=\"88d12c9\" data-element_type=\"container\" data-e-type=\"container\">\n\t\t\t\t\t<div class=\"e-con-inner\">\n\t\t\t\t<div class=\"elementor-element elementor-element-313fb2d elementor-widget elementor-widget-text-editor\" data-id=\"313fb2d\" data-element_type=\"widget\" data-e-type=\"widget\" data-widget_type=\"text-editor.default\">\n\t\t\t\t<div class=\"elementor-widget-container\">\n\t\t\t\t\t\t\t\t\t<p class=\"wpcf7-contact-form-not-found\"><strong>Erreur\u00a0:<\/strong> Formulaire de contact non trouv\u00e9\u00a0!<\/p>\n\t\t\t\t\t\t\t\t<\/div>\n\t\t\t\t<\/div>\n\t\t\t\t\t<\/div>\n\t\t\t\t<\/div>\n\t\t<div class=\"elementor-element elementor-element-98a55ca e-flex e-con-boxed e-con e-parent\" data-id=\"98a55ca\" data-element_type=\"container\" data-e-type=\"container\">\n\t\t\t\t\t<div class=\"e-con-inner\">\n\t\t\t\t<div class=\"elementor-element elementor-element-76d4e96 elementor-arrows-position-inside elementor-pagination-position-outside elementor-widget elementor-widget-image-carousel\" data-id=\"76d4e96\" data-element_type=\"widget\" data-e-type=\"widget\" data-settings=\"{&quot;navigation&quot;:&quot;both&quot;,&quot;autoplay&quot;:&quot;yes&quot;,&quot;pause_on_hover&quot;:&quot;yes&quot;,&quot;pause_on_interaction&quot;:&quot;yes&quot;,&quot;autoplay_speed&quot;:5000,&quot;infinite&quot;:&quot;yes&quot;,&quot;speed&quot;:500}\" data-widget_type=\"image-carousel.default\">\n\t\t\t\t<div class=\"elementor-widget-container\">\n\t\t\t\t\t\t\t<div class=\"elementor-image-carousel-wrapper swiper\" role=\"region\" aria-roledescription=\"carousel\" aria-label=\"Carrousel d\u2019images\" dir=\"ltr\">\n\t\t\t<div class=\"elementor-image-carousel swiper-wrapper\" aria-live=\"off\">\n\t\t\t\t\t\t\t\t<div class=\"swiper-slide\" role=\"group\" aria-roledescription=\"slide\" aria-label=\"1 sur 9\"><figure class=\"swiper-slide-inner\"><img decoding=\"async\" class=\"swiper-slide-image\" src=\"https:\/\/www.walkingent.be\/wp-content\/uploads\/2024\/01\/gravensteenpix2-2-768x512.jpg\" alt=\"gravensteenpix2\" \/><\/figure><\/div><div class=\"swiper-slide\" role=\"group\" aria-roledescription=\"slide\" aria-label=\"2 sur 9\"><figure class=\"swiper-slide-inner\"><img decoding=\"async\" class=\"swiper-slide-image\" src=\"https:\/\/www.walkingent.be\/wp-content\/uploads\/2024\/01\/gentpix4.jpg\" alt=\"teste sdfkjfddE\" \/><\/figure><\/div><div class=\"swiper-slide\" role=\"group\" aria-roledescription=\"slide\" aria-label=\"3 sur 9\"><figure class=\"swiper-slide-inner\"><img decoding=\"async\" class=\"swiper-slide-image\" src=\"https:\/\/www.walkingent.be\/wp-content\/uploads\/2024\/01\/bootjespix2.jpg\" alt=\"Ghent, Belgium - June 30, 2023: General view of the historic and touristic Belgian city of Ghent from the river Leie, cafes and shops against medieval buildings in summer.\" \/><\/figure><\/div><div class=\"swiper-slide\" role=\"group\" aria-roledescription=\"slide\" aria-label=\"4 sur 9\"><figure class=\"swiper-slide-inner\"><img decoding=\"async\" class=\"swiper-slide-image\" src=\"https:\/\/www.walkingent.be\/wp-content\/uploads\/2024\/01\/gentpix.jpg\" alt=\"Rondleidingen\" \/><\/figure><\/div><div class=\"swiper-slide\" role=\"group\" aria-roledescription=\"slide\" aria-label=\"5 sur 9\"><figure class=\"swiper-slide-inner\"><img decoding=\"async\" class=\"swiper-slide-image\" src=\"https:\/\/www.walkingent.be\/wp-content\/uploads\/2024\/01\/boekentoren3.jpg\" alt=\"boekentoren3\" \/><\/figure><\/div><div class=\"swiper-slide\" role=\"group\" aria-roledescription=\"slide\" aria-label=\"6 sur 9\"><figure class=\"swiper-slide-inner\"><img decoding=\"async\" class=\"swiper-slide-image\" src=\"https:\/\/www.walkingent.be\/wp-content\/uploads\/2024\/01\/3torens1.jpg\" alt=\"3torens1\" \/><\/figure><\/div><div class=\"swiper-slide\" role=\"group\" aria-roledescription=\"slide\" aria-label=\"7 sur 9\"><figure class=\"swiper-slide-inner\"><img decoding=\"async\" class=\"swiper-slide-image\" src=\"https:\/\/www.walkingent.be\/wp-content\/uploads\/2024\/01\/gent10pix.jpg\" alt=\"gent10pix\" \/><\/figure><\/div><div class=\"swiper-slide\" role=\"group\" aria-roledescription=\"slide\" aria-label=\"8 sur 9\"><figure class=\"swiper-slide-inner\"><img decoding=\"async\" class=\"swiper-slide-image\" src=\"https:\/\/www.walkingent.be\/wp-content\/uploads\/2024\/01\/gent12pix.jpg\" alt=\"gent12pix\" \/><\/figure><\/div><div class=\"swiper-slide\" role=\"group\" aria-roledescription=\"slide\" aria-label=\"9 sur 9\"><figure class=\"swiper-slide-inner\"><img decoding=\"async\" class=\"swiper-slide-image\" src=\"https:\/\/www.walkingent.be\/wp-content\/uploads\/2024\/01\/gent2.jpg\" alt=\"test E\" \/><\/figure><\/div>\t\t\t<\/div>\n\t\t\t\t\t\t\t\t\t\t\t\t<div class=\"elementor-swiper-button elementor-swiper-button-prev\" role=\"button\" tabindex=\"0\">\n\t\t\t\t\t\t<svg aria-hidden=\"true\" class=\"e-font-icon-svg e-eicon-chevron-left\" viewBox=\"0 0 1000 1000\" xmlns=\"http:\/\/www.w3.org\/2000\/svg\"><path d=\"M646 125C629 125 613 133 604 142L308 442C296 454 292 471 292 487 292 504 296 521 308 533L604 854C617 867 629 875 646 875 663 875 679 871 692 858 704 846 713 829 713 812 713 796 708 779 692 767L438 487 692 225C700 217 708 204 708 187 708 171 704 154 692 142 675 129 663 125 646 125Z\"><\/path><\/svg>\t\t\t\t\t<\/div>\n\t\t\t\t\t<div class=\"elementor-swiper-button elementor-swiper-button-next\" role=\"button\" tabindex=\"0\">\n\t\t\t\t\t\t<svg aria-hidden=\"true\" class=\"e-font-icon-svg e-eicon-chevron-right\" viewBox=\"0 0 1000 1000\" xmlns=\"http:\/\/www.w3.org\/2000\/svg\"><path d=\"M696 533C708 521 713 504 713 487 713 471 708 454 696 446L400 146C388 133 375 125 354 125 338 125 325 129 313 142 300 154 292 171 292 187 292 204 296 221 308 233L563 492 304 771C292 783 288 800 288 817 288 833 296 850 308 863 321 871 338 875 354 875 371 875 388 867 400 854L696 533Z\"><\/path><\/svg>\t\t\t\t\t<\/div>\n\t\t\t\t\n\t\t\t\t\t\t\t\t\t<div class=\"swiper-pagination\"><\/div>\n\t\t\t\t\t\t\t\t\t<\/div>\n\t\t\t\t\t\t<\/div>\n\t\t\t\t<\/div>\n\t\t\t\t<div class=\"elementor-element elementor-element-2840c10 elementor-widget elementor-widget-text-editor\" data-id=\"2840c10\" data-element_type=\"widget\" data-e-type=\"widget\" data-widget_type=\"text-editor.default\">\n\t\t\t\t<div class=\"elementor-widget-container\">\n\t\t\t\t\t\t\t\t\t<div class=\"addtoany_shortcode\"><div class=\"a2a_kit a2a_kit_size_26 addtoany_list\" data-a2a-url=\"https:\/\/www.walkingent.be\/fr\/programmes-de-jour\/faits-marquants-de-lhistoire-lamb-of-god\/\" data-a2a-title=\"Faits marquants de l\u2019histoire \u2013 Lamb of God\"><a class=\"a2a_button_facebook\" href=\"https:\/\/www.addtoany.com\/add_to\/facebook?linkurl=https%3A%2F%2Fwww.walkingent.be%2Ffr%2Fprogrammes-de-jour%2Ffaits-marquants-de-lhistoire-lamb-of-god%2F&amp;linkname=Faits%20marquants%20de%20l%E2%80%99histoire%20%E2%80%93%20Lamb%20of%20God\" title=\"Facebook\" rel=\"nofollow noopener\" target=\"_blank\"><\/a><a class=\"a2a_button_linkedin\" href=\"https:\/\/www.addtoany.com\/add_to\/linkedin?linkurl=https%3A%2F%2Fwww.walkingent.be%2Ffr%2Fprogrammes-de-jour%2Ffaits-marquants-de-lhistoire-lamb-of-god%2F&amp;linkname=Faits%20marquants%20de%20l%E2%80%99histoire%20%E2%80%93%20Lamb%20of%20God\" title=\"LinkedIn\" rel=\"nofollow noopener\" target=\"_blank\"><\/a><a class=\"a2a_button_pinterest\" href=\"https:\/\/www.addtoany.com\/add_to\/pinterest?linkurl=https%3A%2F%2Fwww.walkingent.be%2Ffr%2Fprogrammes-de-jour%2Ffaits-marquants-de-lhistoire-lamb-of-god%2F&amp;linkname=Faits%20marquants%20de%20l%E2%80%99histoire%20%E2%80%93%20Lamb%20of%20God\" title=\"Pinterest\" rel=\"nofollow noopener\" target=\"_blank\"><\/a><a class=\"a2a_button_snapchat\" href=\"https:\/\/www.addtoany.com\/add_to\/snapchat?linkurl=https%3A%2F%2Fwww.walkingent.be%2Ffr%2Fprogrammes-de-jour%2Ffaits-marquants-de-lhistoire-lamb-of-god%2F&amp;linkname=Faits%20marquants%20de%20l%E2%80%99histoire%20%E2%80%93%20Lamb%20of%20God\" title=\"Snapchat\" rel=\"nofollow noopener\" target=\"_blank\"><\/a><a class=\"a2a_button_x\" href=\"https:\/\/www.addtoany.com\/add_to\/x?linkurl=https%3A%2F%2Fwww.walkingent.be%2Ffr%2Fprogrammes-de-jour%2Ffaits-marquants-de-lhistoire-lamb-of-god%2F&amp;linkname=Faits%20marquants%20de%20l%E2%80%99histoire%20%E2%80%93%20Lamb%20of%20God\" title=\"X\" rel=\"nofollow noopener\" target=\"_blank\"><\/a><\/div><\/div>\n\t\t\t\t\t\t\t\t<\/div>\n\t\t\t\t<\/div>\n\t\t\t\t\t<\/div>\n\t\t\t\t<\/div>\n\t\t\t\t<\/div>\n\t\t","protected":false},"excerpt":{"rendered":"<p>faits marquants de l&rsquo;histoire &#8211; l&rsquo;Agneau mystique Capacit\u00e9 : \u00e0 partir de 20 participants Programme d&rsquo;une demi-journ\u00e9e Retour \u00e0 l&rsquo;aper\u00e7u 51 EUR Description visite guid\u00e9e points forts de l&rsquo;histoire : 2 heures visite de l&rsquo;Agneau mystique : une demi-heure D\u00eener de trois plats dans le centre-ville Prix de la visite guid\u00e9e Le prix indiqu\u00e9 ci-dessus [&hellip;]<\/p>\n","protected":false},"author":1,"featured_media":0,"parent":5402,"menu_order":-1,"comment_status":"closed","ping_status":"closed","template":"","meta":{"site-sidebar-layout":"no-sidebar","site-content-layout":"page-builder","ast-site-content-layout":"full-width-container","site-content-style":"default","site-sidebar-style":"default","ast-global-header-display":"","ast-banner-title-visibility":"","ast-main-header-display":"","ast-hfb-above-header-display":"","ast-hfb-below-header-display":"","ast-hfb-mobile-header-display":"","site-post-title":"disabled","ast-breadcrumbs-content":"","ast-featured-img":"disabled","footer-sml-layout":"","ast-disable-related-posts":"","theme-transparent-header-meta":"","adv-header-id-meta":"","stick-header-meta":"","header-above-stick-meta":"","header-main-stick-meta":"","header-below-stick-meta":"","astra-migrate-meta-layouts":"default","ast-page-background-enabled":"default","ast-page-background-meta":{"desktop":{"background-color":"","background-image":"","background-repeat":"repeat","background-position":"center center","background-size":"auto","background-attachment":"scroll","background-type":"","background-media":"","overlay-type":"","overlay-color":"","overlay-opacity":"","overlay-gradient":""},"tablet":{"background-color":"","background-image":"","background-repeat":"repeat","background-position":"center center","background-size":"auto","background-attachment":"scroll","background-type":"","background-media":"","overlay-type":"","overlay-color":"","overlay-opacity":"","overlay-gradient":""},"mobile":{"background-color":"","background-image":"","background-repeat":"repeat","background-position":"center center","background-size":"auto","background-attachment":"scroll","background-type":"","background-media":"","overlay-type":"","overlay-color":"","overlay-opacity":"","overlay-gradient":""}},"ast-content-background-meta":{"desktop":{"background-color":"var(--ast-global-color-5)","background-image":"","background-repeat":"repeat","background-position":"center center","background-size":"auto","background-attachment":"scroll","background-type":"","background-media":"","overlay-type":"","overlay-color":"","overlay-opacity":"","overlay-gradient":""},"tablet":{"background-color":"var(--ast-global-color-5)","background-image":"","background-repeat":"repeat","background-position":"center center","background-size":"auto","background-attachment":"scroll","background-type":"","background-media":"","overlay-type":"","overlay-color":"","overlay-opacity":"","overlay-gradient":""},"mobile":{"background-color":"var(--ast-global-color-5)","background-image":"","background-repeat":"repeat","background-position":"center center","background-size":"auto","background-attachment":"scroll","background-type":"","background-media":"","overlay-type":"","overlay-color":"","overlay-opacity":"","overlay-gradient":""}},"footnotes":""},"class_list":["post-5095","page","type-page","status-publish","hentry"],"_links":{"self":[{"href":"https:\/\/www.walkingent.be\/fr\/wp-json\/wp\/v2\/pages\/5095","targetHints":{"allow":["GET"]}}],"collection":[{"href":"https:\/\/www.walkingent.be\/fr\/wp-json\/wp\/v2\/pages"}],"about":[{"href":"https:\/\/www.walkingent.be\/fr\/wp-json\/wp\/v2\/types\/page"}],"author":[{"embeddable":true,"href":"https:\/\/www.walkingent.be\/fr\/wp-json\/wp\/v2\/users\/1"}],"replies":[{"embeddable":true,"href":"https:\/\/www.walkingent.be\/fr\/wp-json\/wp\/v2\/comments?post=5095"}],"version-history":[{"count":0,"href":"https:\/\/www.walkingent.be\/fr\/wp-json\/wp\/v2\/pages\/5095\/revisions"}],"up":[{"embeddable":true,"href":"https:\/\/www.walkingent.be\/fr\/wp-json\/wp\/v2\/pages\/5402"}],"wp:attachment":[{"href":"https:\/\/www.walkingent.be\/fr\/wp-json\/wp\/v2\/media?parent=5095"}],"curies":[{"name":"wp","href":"https:\/\/api.w.org\/{rel}","templated":true}]}}