{"id":5287,"date":"2024-01-20T11:46:42","date_gmt":"2024-01-20T10:46:42","guid":{"rendered":"https:\/\/www.walkingent.be\/tour-de-livres-henry-van-de-velde\/"},"modified":"2025-04-22T23:09:54","modified_gmt":"2025-04-22T21:09:54","slug":"tour-de-livres-henry-van-de-velde","status":"publish","type":"page","link":"https:\/\/www.walkingent.be\/fr\/visites-guidees\/tour-de-livres-henry-van-de-velde\/","title":{"rendered":"Tour de livres &#8211; henry Van de Velde"},"content":{"rendered":"\t\t<div data-elementor-type=\"wp-page\" data-elementor-id=\"5287\" class=\"elementor elementor-5287 elementor-2381\">\n\t\t\t\t<div class=\"elementor-element elementor-element-ecea8e3 e-flex e-con-boxed e-con e-parent\" data-id=\"ecea8e3\" data-element_type=\"container\" data-e-type=\"container\">\n\t\t\t\t\t<div class=\"e-con-inner\">\n\t\t\t\t<div class=\"elementor-element elementor-element-d3d06be elementor-widget elementor-widget-image\" data-id=\"d3d06be\" data-element_type=\"widget\" data-e-type=\"widget\" data-widget_type=\"image.default\">\n\t\t\t\t<div class=\"elementor-widget-container\">\n\t\t\t\t\t\t\t\t\t\t\t\t\t\t\t<img decoding=\"async\" src=\"https:\/\/www.walkingent.be\/wp-content\/uploads\/elementor\/thumbs\/boekentoren-qjusgmhq9clre4vjmu9rtp1cfmyfmzhlykq7cpaqyo.png\" title=\"boekentoren\" alt=\"boekentoren\" loading=\"lazy\" \/>\t\t\t\t\t\t\t\t\t\t\t\t\t\t\t<\/div>\n\t\t\t\t<\/div>\n\t\t\t\t\t<\/div>\n\t\t\t\t<\/div>\n\t\t<div class=\"elementor-element elementor-element-64c5d6b8 e-flex e-con-boxed e-con e-parent\" data-id=\"64c5d6b8\" data-element_type=\"container\" data-e-type=\"container\">\n\t\t\t\t\t<div class=\"e-con-inner\">\n\t\t\t\t<div class=\"elementor-element elementor-element-4e0a5ea6 elementor-widget elementor-widget-button\" data-id=\"4e0a5ea6\" data-element_type=\"widget\" data-e-type=\"widget\" data-widget_type=\"button.default\">\n\t\t\t\t<div class=\"elementor-widget-container\">\n\t\t\t\t\t\t\t\t\t<div class=\"elementor-button-wrapper\">\n\t\t\t\t\t<a class=\"elementor-button elementor-size-sm\" role=\"button\">\n\t\t\t\t\t\t<span class=\"elementor-button-content-wrapper\">\n\t\t\t\t\t\t\t\t\t<span class=\"elementor-button-text\">\u00e0 partir de 160 eur<\/span>\n\t\t\t\t\t<\/span>\n\t\t\t\t\t<\/a>\n\t\t\t\t<\/div>\n\t\t\t\t\t\t\t\t<\/div>\n\t\t\t\t<\/div>\n\t\t\t\t\t<\/div>\n\t\t\t\t<\/div>\n\t\t<div class=\"elementor-element elementor-element-96d0a71 e-flex e-con-boxed e-con e-parent\" data-id=\"96d0a71\" data-element_type=\"container\" data-e-type=\"container\">\n\t\t\t\t\t<div class=\"e-con-inner\">\n\t\t\t\t<div class=\"elementor-element elementor-element-6689b96 elementor-widget elementor-widget-heading\" data-id=\"6689b96\" data-element_type=\"widget\" data-e-type=\"widget\" data-widget_type=\"heading.default\">\n\t\t\t\t<div class=\"elementor-widget-container\">\n\t\t\t\t\t<h2 class=\"elementor-heading-title elementor-size-default\">Tour de livres henry van de velde<\/h2>\t\t\t\t<\/div>\n\t\t\t\t<\/div>\n\t\t\t\t\t<\/div>\n\t\t\t\t<\/div>\n\t\t<div class=\"elementor-element elementor-element-9d8a23d e-flex e-con-boxed e-con e-parent\" data-id=\"9d8a23d\" data-element_type=\"container\" data-e-type=\"container\">\n\t\t\t\t\t<div class=\"e-con-inner\">\n\t\t\t\t<div class=\"elementor-element elementor-element-296b508 elementor-widget elementor-widget-text-editor\" data-id=\"296b508\" data-element_type=\"widget\" data-e-type=\"widget\" data-widget_type=\"text-editor.default\">\n\t\t\t\t<div class=\"elementor-widget-container\">\n\t\t\t\t\t\t\t\t\t<p>Capacit\u00e9 : 1-20 participants\u00a0\u00a0<br \/>Dur\u00e9e : 1,5 heure<\/p><p><a href=\"https:\/\/www.walkingent.be\/fr\/visites-guidees\/#overzicht\">Retour \u00e0 l&rsquo;aper\u00e7u<\/a><\/p>\t\t\t\t\t\t\t\t<\/div>\n\t\t\t\t<\/div>\n\t\t\t\t\t<\/div>\n\t\t\t\t<\/div>\n\t\t<div class=\"elementor-element elementor-element-5d08508 e-flex e-con-boxed e-con e-parent\" data-id=\"5d08508\" data-element_type=\"container\" data-e-type=\"container\">\n\t\t\t\t\t<div class=\"e-con-inner\">\n\t\t\t\t<div class=\"elementor-element elementor-element-6b00702 elementor-widget elementor-widget-heading\" data-id=\"6b00702\" data-element_type=\"widget\" data-e-type=\"widget\" data-widget_type=\"heading.default\">\n\t\t\t\t<div class=\"elementor-widget-container\">\n\t\t\t\t\t<h3 class=\"elementor-heading-title elementor-size-default\">Description<\/h3>\t\t\t\t<\/div>\n\t\t\t\t<\/div>\n\t\t\t\t<div class=\"elementor-element elementor-element-7d374155 elementor-widget-divider--view-line elementor-widget elementor-widget-divider\" data-id=\"7d374155\" data-element_type=\"widget\" data-e-type=\"widget\" data-widget_type=\"divider.default\">\n\t\t\t\t<div class=\"elementor-widget-container\">\n\t\t\t\t\t\t\t<div class=\"elementor-divider\">\n\t\t\t<span class=\"elementor-divider-separator\">\n\t\t\t\t\t\t<\/span>\n\t\t<\/div>\n\t\t\t\t\t\t<\/div>\n\t\t\t\t<\/div>\n\t\t\t\t<div class=\"elementor-element elementor-element-d760118 elementor-widget elementor-widget-text-editor\" data-id=\"d760118\" data-element_type=\"widget\" data-e-type=\"widget\" data-widget_type=\"text-editor.default\">\n\t\t\t\t<div class=\"elementor-widget-container\">\n\t\t\t\t\t\t\t\t\t<p><span style=\"font-style: inherit; font-weight: inherit; text-align: var(--text-align); background-color: var(--ast-global-color-4); color: var(--ast-global-color-3);\">Le Blandijnberg&#8230; le c\u0153ur du quartier \u00e9tudiant de Gand.<\/span><\/p><p>La Tour des Livres restaur\u00e9e est toujours bien visible. Souhaitez-vous \u00e9galement escalader cette tour et profiter de la vue unique qui s&rsquo;offre \u00e0 vous ? Vous avez donc besoin d&rsquo;un guide ! Nous vous emmenons au belv\u00e9d\u00e8re, point culminant de l&rsquo;\u0153uvre d&rsquo;Henry Van de Velde.<\/p><p>Cette promenade vous donnera une id\u00e9e du projet architectural de la Tour des Livres. Quel \u00e9tait le projet de l&rsquo;architecte ? Qu&rsquo;est-ce qui a \u00e9t\u00e9 r\u00e9alis\u00e9 ? Comment s&rsquo;est d\u00e9roul\u00e9e la restauration ?<\/p><p>Le point culminant de cette promenade est la visite du belv\u00e9d\u00e8re de la Tour des Livres : \u00e0 64 m de hauteur au-dessus de Gand, vous b\u00e9n\u00e9ficiez d&rsquo;une sublime vue \u00e0 360 degr\u00e9s sur la ville !<\/p><p><span style=\"font-style: inherit; font-weight: inherit; text-align: var(--text-align); background-color: var(--ast-global-color-4); color: var(--ast-global-color-3);\">WalkinGent programme des visites de groupes et des promenades \u00e0 l&rsquo;abordage (s&rsquo;inscrire en tant qu&rsquo;individu &#8211; sera annonc\u00e9 sur le site web).<\/span><\/p>\t\t\t\t\t\t\t\t<\/div>\n\t\t\t\t<\/div>\n\t\t\t\t<div class=\"elementor-element elementor-element-d050255 elementor-widget elementor-widget-heading\" data-id=\"d050255\" data-element_type=\"widget\" data-e-type=\"widget\" data-widget_type=\"heading.default\">\n\t\t\t\t<div class=\"elementor-widget-container\">\n\t\t\t\t\t<h3 class=\"elementor-heading-title elementor-size-default\">Livres<\/h3>\t\t\t\t<\/div>\n\t\t\t\t<\/div>\n\t\t\t\t<div class=\"elementor-element elementor-element-e3d695c elementor-widget-divider--view-line elementor-widget elementor-widget-divider\" data-id=\"e3d695c\" data-element_type=\"widget\" data-e-type=\"widget\" data-widget_type=\"divider.default\">\n\t\t\t\t<div class=\"elementor-widget-container\">\n\t\t\t\t\t\t\t<div class=\"elementor-divider\">\n\t\t\t<span class=\"elementor-divider-separator\">\n\t\t\t\t\t\t<\/span>\n\t\t<\/div>\n\t\t\t\t\t\t<\/div>\n\t\t\t\t<\/div>\n\t\t\t\t\t<\/div>\n\t\t\t\t<\/div>\n\t\t<div class=\"elementor-element elementor-element-88d12c9 e-flex e-con-boxed e-con e-parent\" data-id=\"88d12c9\" data-element_type=\"container\" data-e-type=\"container\">\n\t\t\t\t\t<div class=\"e-con-inner\">\n\t\t\t\t<div class=\"elementor-element elementor-element-3df8dc3 elementor-widget elementor-widget-text-editor\" data-id=\"3df8dc3\" data-element_type=\"widget\" data-e-type=\"widget\" data-widget_type=\"text-editor.default\">\n\t\t\t\t<div class=\"elementor-widget-container\">\n\t\t\t\t\t\t\t\t\t<p><b>Visite du groupe \u00ab\u00a0La Tour des Livres et le Belv\u00e9d\u00e8re\u00a0\u00bb.<\/b><\/p><p>Dur\u00e9e : environ 1,5 heure<br \/><span style=\"font-style: inherit; font-weight: inherit; text-align: var(--text-align); background-color: var(--ast-global-color-4); color: var(--ast-global-color-3);\">Prix \u00e0 partir de 160 EUR.<\/span><\/p><p>R\u00e9servez cette promenade par e-mail en indiquant la date, l&rsquo;heure et le nombre de participants souhait\u00e9s \u00e0 l&rsquo;adresse contact@walkingent.be.<\/p><p>Lors de la r\u00e9servation, indiquez au minimum deux horaires (jour et heure) qui conviennent \u00e0 votre groupe.<br \/><span style=\"font-style: inherit; font-weight: inherit; text-align: var(--text-align); background-color: var(--ast-global-color-4); color: var(--ast-global-color-3);\">Ceci est n\u00e9cessaire pour le cr\u00e9neau horaire dans le belv\u00e9d\u00e8re.<\/span><\/p>\t\t\t\t\t\t\t\t<\/div>\n\t\t\t\t<\/div>\n\t\t\t\t\t<\/div>\n\t\t\t\t<\/div>\n\t\t<div class=\"elementor-element elementor-element-f51eca4 e-flex e-con-boxed e-con e-parent\" data-id=\"f51eca4\" data-element_type=\"container\" data-e-type=\"container\">\n\t\t\t\t\t<div class=\"e-con-inner\">\n\t\t\t\t<div class=\"elementor-element elementor-element-2177ab9 elementor-widget elementor-widget-text-editor\" data-id=\"2177ab9\" data-element_type=\"widget\" data-e-type=\"widget\" data-widget_type=\"text-editor.default\">\n\t\t\t\t<div class=\"elementor-widget-container\">\n\t\t\t\t\t\t\t\t\t<div class=\"addtoany_shortcode\"><div class=\"a2a_kit a2a_kit_size_26 addtoany_list\" data-a2a-url=\"https:\/\/www.walkingent.be\/fr\/visites-guidees\/tour-de-livres-henry-van-de-velde\/\" data-a2a-title=\"Tour de livres \u2013 henry Van de Velde\"><a class=\"a2a_button_facebook\" href=\"https:\/\/www.addtoany.com\/add_to\/facebook?linkurl=https%3A%2F%2Fwww.walkingent.be%2Ffr%2Fvisites-guidees%2Ftour-de-livres-henry-van-de-velde%2F&amp;linkname=Tour%20de%20livres%20%E2%80%93%20henry%20Van%20de%20Velde\" title=\"Facebook\" rel=\"nofollow noopener\" target=\"_blank\"><\/a><a class=\"a2a_button_linkedin\" href=\"https:\/\/www.addtoany.com\/add_to\/linkedin?linkurl=https%3A%2F%2Fwww.walkingent.be%2Ffr%2Fvisites-guidees%2Ftour-de-livres-henry-van-de-velde%2F&amp;linkname=Tour%20de%20livres%20%E2%80%93%20henry%20Van%20de%20Velde\" title=\"LinkedIn\" rel=\"nofollow noopener\" target=\"_blank\"><\/a><a class=\"a2a_button_pinterest\" href=\"https:\/\/www.addtoany.com\/add_to\/pinterest?linkurl=https%3A%2F%2Fwww.walkingent.be%2Ffr%2Fvisites-guidees%2Ftour-de-livres-henry-van-de-velde%2F&amp;linkname=Tour%20de%20livres%20%E2%80%93%20henry%20Van%20de%20Velde\" title=\"Pinterest\" rel=\"nofollow noopener\" target=\"_blank\"><\/a><a class=\"a2a_button_snapchat\" href=\"https:\/\/www.addtoany.com\/add_to\/snapchat?linkurl=https%3A%2F%2Fwww.walkingent.be%2Ffr%2Fvisites-guidees%2Ftour-de-livres-henry-van-de-velde%2F&amp;linkname=Tour%20de%20livres%20%E2%80%93%20henry%20Van%20de%20Velde\" title=\"Snapchat\" rel=\"nofollow noopener\" target=\"_blank\"><\/a><a class=\"a2a_button_x\" href=\"https:\/\/www.addtoany.com\/add_to\/x?linkurl=https%3A%2F%2Fwww.walkingent.be%2Ffr%2Fvisites-guidees%2Ftour-de-livres-henry-van-de-velde%2F&amp;linkname=Tour%20de%20livres%20%E2%80%93%20henry%20Van%20de%20Velde\" title=\"X\" rel=\"nofollow noopener\" target=\"_blank\"><\/a><\/div><\/div>\n\t\t\t\t\t\t\t\t<\/div>\n\t\t\t\t<\/div>\n\t\t\t\t\t<\/div>\n\t\t\t\t<\/div>\n\t\t\t\t<\/div>\n\t\t","protected":false},"excerpt":{"rendered":"<p>\u00e0 partir de 160 eur Tour de livres henry van de velde Capacit\u00e9 : 1-20 participants\u00a0\u00a0Dur\u00e9e : 1,5 heure Retour \u00e0 l&rsquo;aper\u00e7u Description Le Blandijnberg&#8230; le c\u0153ur du quartier \u00e9tudiant de Gand. La Tour des Livres restaur\u00e9e est toujours bien visible. Souhaitez-vous \u00e9galement escalader cette tour et profiter de la vue unique qui s&rsquo;offre \u00e0 [&hellip;]<\/p>\n","protected":false},"author":1,"featured_media":0,"parent":5389,"menu_order":-1,"comment_status":"closed","ping_status":"closed","template":"","meta":{"site-sidebar-layout":"no-sidebar","site-content-layout":"page-builder","ast-site-content-layout":"full-width-container","site-content-style":"default","site-sidebar-style":"default","ast-global-header-display":"","ast-banner-title-visibility":"","ast-main-header-display":"","ast-hfb-above-header-display":"","ast-hfb-below-header-display":"","ast-hfb-mobile-header-display":"","site-post-title":"disabled","ast-breadcrumbs-content":"","ast-featured-img":"disabled","footer-sml-layout":"","ast-disable-related-posts":"","theme-transparent-header-meta":"","adv-header-id-meta":"","stick-header-meta":"","header-above-stick-meta":"","header-main-stick-meta":"","header-below-stick-meta":"","astra-migrate-meta-layouts":"default","ast-page-background-enabled":"default","ast-page-background-meta":{"desktop":{"background-color":"","background-image":"","background-repeat":"repeat","background-position":"center center","background-size":"auto","background-attachment":"scroll","background-type":"","background-media":"","overlay-type":"","overlay-color":"","overlay-opacity":"","overlay-gradient":""},"tablet":{"background-color":"","background-image":"","background-repeat":"repeat","background-position":"center center","background-size":"auto","background-attachment":"scroll","background-type":"","background-media":"","overlay-type":"","overlay-color":"","overlay-opacity":"","overlay-gradient":""},"mobile":{"background-color":"","background-image":"","background-repeat":"repeat","background-position":"center center","background-size":"auto","background-attachment":"scroll","background-type":"","background-media":"","overlay-type":"","overlay-color":"","overlay-opacity":"","overlay-gradient":""}},"ast-content-background-meta":{"desktop":{"background-color":"var(--ast-global-color-5)","background-image":"","background-repeat":"repeat","background-position":"center center","background-size":"auto","background-attachment":"scroll","background-type":"","background-media":"","overlay-type":"","overlay-color":"","overlay-opacity":"","overlay-gradient":""},"tablet":{"background-color":"var(--ast-global-color-5)","background-image":"","background-repeat":"repeat","background-position":"center center","background-size":"auto","background-attachment":"scroll","background-type":"","background-media":"","overlay-type":"","overlay-color":"","overlay-opacity":"","overlay-gradient":""},"mobile":{"background-color":"var(--ast-global-color-5)","background-image":"","background-repeat":"repeat","background-position":"center center","background-size":"auto","background-attachment":"scroll","background-type":"","background-media":"","overlay-type":"","overlay-color":"","overlay-opacity":"","overlay-gradient":""}},"footnotes":""},"class_list":["post-5287","page","type-page","status-publish","hentry"],"_links":{"self":[{"href":"https:\/\/www.walkingent.be\/fr\/wp-json\/wp\/v2\/pages\/5287","targetHints":{"allow":["GET"]}}],"collection":[{"href":"https:\/\/www.walkingent.be\/fr\/wp-json\/wp\/v2\/pages"}],"about":[{"href":"https:\/\/www.walkingent.be\/fr\/wp-json\/wp\/v2\/types\/page"}],"author":[{"embeddable":true,"href":"https:\/\/www.walkingent.be\/fr\/wp-json\/wp\/v2\/users\/1"}],"replies":[{"embeddable":true,"href":"https:\/\/www.walkingent.be\/fr\/wp-json\/wp\/v2\/comments?post=5287"}],"version-history":[{"count":0,"href":"https:\/\/www.walkingent.be\/fr\/wp-json\/wp\/v2\/pages\/5287\/revisions"}],"up":[{"embeddable":true,"href":"https:\/\/www.walkingent.be\/fr\/wp-json\/wp\/v2\/pages\/5389"}],"wp:attachment":[{"href":"https:\/\/www.walkingent.be\/fr\/wp-json\/wp\/v2\/media?parent=5287"}],"curies":[{"name":"wp","href":"https:\/\/api.w.org\/{rel}","templated":true}]}}