{"id":5472,"date":"2024-01-10T19:57:37","date_gmt":"2024-01-10T18:57:37","guid":{"rendered":"https:\/\/www.walkingent.be\/clause-de-non-responsabilite\/"},"modified":"2024-02-17T15:17:10","modified_gmt":"2024-02-17T14:17:10","slug":"clause-de-non-responsabilite","status":"publish","type":"page","link":"https:\/\/www.walkingent.be\/fr\/clause-de-non-responsabilite\/","title":{"rendered":"Clause de non-responsabilit\u00e9"},"content":{"rendered":"\t\t<div data-elementor-type=\"wp-page\" data-elementor-id=\"5472\" class=\"elementor elementor-5472 elementor-1552\">\n\t\t\t\t<div class=\"elementor-element elementor-element-23bdc81 e-flex e-con-boxed e-con e-parent\" data-id=\"23bdc81\" data-element_type=\"container\" data-e-type=\"container\">\n\t\t\t\t\t<div class=\"e-con-inner\">\n\t\t\t\t<div class=\"elementor-element elementor-element-d2e50da elementor-widget elementor-widget-text-editor\" data-id=\"d2e50da\" data-element_type=\"widget\" data-e-type=\"widget\" data-widget_type=\"text-editor.default\">\n\t\t\t\t<div class=\"elementor-widget-container\">\n\t\t\t\t\t\t\t\t\t<p><\/p>\n<p><span style=\"font-style: inherit; text-align: var(--text-align); background-color: var(--ast-global-color-5); color: var(--ast-global-color-3);\"><b>G\u00e9n\u00e9ral<\/b><\/span><\/p>\n<p>Les dispositions de cette clause de non-responsabilit\u00e9 s&rsquo;appliquent \u00e0 toute consultation du site web walkingent.be. Les dispositions de cette clause de non-responsabilit\u00e9 s&rsquo;appliquent \u00e0 tous les produits, services, documents, mod\u00e8les et informations disponibles sur ce site web. En consultant le site walkingent.be, le visiteur accepte express\u00e9ment et sans r\u00e9serve toutes les dispositions du pr\u00e9sent disclaimer. Le visiteur accepte express\u00e9ment et sans r\u00e9serve nos conditions de vente. Les dispositions de la pr\u00e9sente clause de non-responsabilit\u00e9 peuvent \u00eatre modifi\u00e9es unilat\u00e9ralement par l&rsquo;asbl Walk \u00e0 tout moment. Le cas \u00e9ch\u00e9ant, les visiteurs seront inform\u00e9s par le biais de ce site web.<\/p>\n<p>Bien que l&rsquo;asbl Walk prenne le plus grand soin pour assurer le bon fonctionnement de ses sites web, elle ne garantit pas que ses sites web fonctionneront sans interruption ni erreur.&nbsp;<\/p>\n<p><b>Droit d&rsquo;auteur<\/b><\/p>\n<p>Tous les textes, documents, mod\u00e8les, logos, photos et produits disponibles sur ce site sont prot\u00e9g\u00e9s par le droit d&rsquo;auteur. L&rsquo;asbl Walk conserve tous les droits de propri\u00e9t\u00e9 intellectuelle sur le site lui-m\u00eame et sur les informations qui y sont mises \u00e0 disposition.<\/p>\n<p><span style=\"font-style: inherit; font-weight: inherit; text-align: var(--text-align); background-color: var(--ast-global-color-5); color: var(--ast-global-color-3);\">Les visiteurs de ce site sont autoris\u00e9s \u00e0 imprimer les informations consult\u00e9es et \u00e0 les utiliser pour leur usage personnel, \u00e0 l&rsquo;exclusion de toute diffusion, commercialisation et exploitation par des tiers, sauf autorisation \u00e9crite pr\u00e9alable de Walk vzw.<\/span><\/p>\n<p><b>Responsabilit\u00e9<\/b><\/p>\n<p>L&rsquo;asbl Walk s&rsquo;efforce de fournir des informations actualis\u00e9es et ces informations sont compil\u00e9es avec le plus grand soin. N\u00e9anmoins, l&rsquo;asbl Walk ne peut \u00eatre tenue responsable de l&rsquo;exactitude ou de l&rsquo;exhaustivit\u00e9 des informations consult\u00e9es ou \u00e9chang\u00e9es par le biais de ce site web.&nbsp;<\/p>\n<p>En aucun cas, l&rsquo;asbl Walk ne sera responsable des dommages sp\u00e9ciaux, indirects ou cons\u00e9cutifs, ou des dommages r\u00e9sultant d&rsquo;une impossibilit\u00e9 d&rsquo;utilisation, d&rsquo;un cas de force majeure, d&rsquo;une perte de donn\u00e9es ou d&rsquo;un manque \u00e0 gagner, qu&rsquo;il s&rsquo;agisse d&rsquo;un contrat, d&rsquo;une n\u00e9gligence ou d&rsquo;un autre d\u00e9lit, d\u00e9coulant de ou en rapport avec l&rsquo;utilisation ou l&rsquo;ex\u00e9cution des informations, documents, mod\u00e8les, logiciels disponibles sur le site walkingent.be ou de la fourniture ou de l&rsquo;absence de fourniture de services \u00e0 partir de ce site web.<\/p>\n<p><span style=\"font-style: inherit; font-weight: inherit; text-align: var(--text-align); background-color: var(--ast-global-color-5); color: var(--ast-global-color-3);\">La consultation du site Walk se fait aux risques et p\u00e9rils de l&rsquo;utilisateur. Tout dommage r\u00e9sultant de la consultation et du t\u00e9l\u00e9chargement de documents et de programmes est \u00e0 la charge du visiteur.<\/span><br><\/p>\n<p>L&rsquo;asbl Walk n&rsquo;est pas responsable de l&rsquo;utilisation abusive r\u00e9sultant de la diffusion de mots de passe personnels et\/ou de noms d&rsquo;utilisateur par le visiteur de ce site web.<\/p>\n<p><b>Responsabilit\u00e9 des sites web de tiers<\/b><\/p>\n<p><span style=\"font-style: inherit; font-weight: inherit; text-align: var(--text-align); background-color: var(--ast-global-color-5); color: var(--ast-global-color-3);\">L&rsquo;asbl Walk n&rsquo;est pas responsable du contenu des autres sites web accessibles via un lien depuis le site walkingent.be. Les points de vue et les opinions exprim\u00e9s sur ces sites web ne peuvent en aucun cas \u00eatre consid\u00e9r\u00e9s comme les points de vue ou les opinions de Walk vzw. Walk vzw ne garantit pas la qualit\u00e9 et l&rsquo;exhaustivit\u00e9 des informations des autres sites web accessibles via un lien \u00e0 partir du site walkingent.be.<\/span><br><\/p>\n<p><span style=\"font-style: inherit; text-align: var(--text-align); background-color: var(--ast-global-color-5); color: var(--ast-global-color-3);\"><b>Utilisation des documents<\/b><\/span><br><\/p>\n<p><span style=\"font-style: inherit; font-weight: inherit; text-align: var(--text-align); background-color: var(--ast-global-color-5); color: var(--ast-global-color-3);\">L&rsquo;asbl Walk peut \u00e0 tout moment apporter des am\u00e9liorations et\/ou des modifications aux documents ou aux programmes disponibles sur son site web. Le visiteur est responsable du choix des documents et de l&rsquo;ad\u00e9quation du mod\u00e8le ou de l&rsquo;information \u00e0 ses objectifs ou \u00e0 l&rsquo;usage concret qu&rsquo;il en fait.<\/span><br><\/p>\n<p><span style=\"font-style: inherit; text-align: var(--text-align); background-color: var(--ast-global-color-5); color: var(--ast-global-color-3);\"><b>L\u00e9gislation applicable<\/b><\/span><br><\/p>\n<p><span style=\"font-style: inherit; font-weight: inherit; text-align: var(--text-align); background-color: var(--ast-global-color-5); color: var(--ast-global-color-3);\">Les dispositions de cette clause de non-responsabilit\u00e9 sont enti\u00e8rement r\u00e9gies par le droit belge. Seuls les tribunaux de l&rsquo;arrondissement judiciaire de Bruxelles seront comp\u00e9tents. Si l&rsquo;une des dispositions de la pr\u00e9sente clause de non-responsabilit\u00e9 devenait ill\u00e9gale, invalide ou inapplicable, les autres dispositions resteraient pleinement valides et applicables.<\/span><br><\/p>\n<p><span style=\"font-style: inherit; font-weight: inherit; text-align: var(--text-align); background-color: var(--ast-global-color-5); color: var(--ast-global-color-3);\">Tous les droits qui ne sont pas express\u00e9ment accord\u00e9s dans le pr\u00e9sent document sont r\u00e9serv\u00e9s.<\/span><\/p>\n<p><\/p>\n<p class=\"MsoNormal\" style=\"margin: 0cm; font-size: 12pt; font-family: Calibri, sans-serif; color: #000000; font-style: normal; font-weight: 400;\">\n<\/p><p><\/p>\t\t\t\t\t\t\t\t<\/div>\n\t\t\t\t<\/div>\n\t\t\t\t\t<\/div>\n\t\t\t\t<\/div>\n\t\t\t\t<\/div>\n\t\t","protected":false},"excerpt":{"rendered":"<p>G\u00e9n\u00e9ral Les dispositions de cette clause de non-responsabilit\u00e9 s&rsquo;appliquent \u00e0 toute consultation du site web walkingent.be. Les dispositions de cette clause de non-responsabilit\u00e9 s&rsquo;appliquent \u00e0 tous les produits, services, documents, mod\u00e8les et informations disponibles sur ce site web. En consultant le site walkingent.be, le visiteur accepte express\u00e9ment et sans r\u00e9serve toutes les dispositions du pr\u00e9sent [&hellip;]<\/p>\n","protected":false},"author":1,"featured_media":0,"parent":0,"menu_order":0,"comment_status":"closed","ping_status":"closed","template":"","meta":{"site-sidebar-layout":"default","site-content-layout":"","ast-site-content-layout":"default","site-content-style":"default","site-sidebar-style":"default","ast-global-header-display":"","ast-banner-title-visibility":"","ast-main-header-display":"","ast-hfb-above-header-display":"","ast-hfb-below-header-display":"","ast-hfb-mobile-header-display":"","site-post-title":"","ast-breadcrumbs-content":"","ast-featured-img":"","footer-sml-layout":"","ast-disable-related-posts":"","theme-transparent-header-meta":"","adv-header-id-meta":"","stick-header-meta":"","header-above-stick-meta":"","header-main-stick-meta":"","header-below-stick-meta":"","astra-migrate-meta-layouts":"default","ast-page-background-enabled":"default","ast-page-background-meta":{"desktop":{"background-color":"","background-image":"","background-repeat":"repeat","background-position":"center center","background-size":"auto","background-attachment":"scroll","background-type":"","background-media":"","overlay-type":"","overlay-color":"","overlay-opacity":"","overlay-gradient":""},"tablet":{"background-color":"","background-image":"","background-repeat":"repeat","background-position":"center center","background-size":"auto","background-attachment":"scroll","background-type":"","background-media":"","overlay-type":"","overlay-color":"","overlay-opacity":"","overlay-gradient":""},"mobile":{"background-color":"","background-image":"","background-repeat":"repeat","background-position":"center center","background-size":"auto","background-attachment":"scroll","background-type":"","background-media":"","overlay-type":"","overlay-color":"","overlay-opacity":"","overlay-gradient":""}},"ast-content-background-meta":{"desktop":{"background-color":"var(--ast-global-color-5)","background-image":"","background-repeat":"repeat","background-position":"center center","background-size":"auto","background-attachment":"scroll","background-type":"","background-media":"","overlay-type":"","overlay-color":"","overlay-opacity":"","overlay-gradient":""},"tablet":{"background-color":"var(--ast-global-color-5)","background-image":"","background-repeat":"repeat","background-position":"center center","background-size":"auto","background-attachment":"scroll","background-type":"","background-media":"","overlay-type":"","overlay-color":"","overlay-opacity":"","overlay-gradient":""},"mobile":{"background-color":"var(--ast-global-color-5)","background-image":"","background-repeat":"repeat","background-position":"center center","background-size":"auto","background-attachment":"scroll","background-type":"","background-media":"","overlay-type":"","overlay-color":"","overlay-opacity":"","overlay-gradient":""}},"footnotes":""},"class_list":["post-5472","page","type-page","status-publish","hentry"],"_links":{"self":[{"href":"https:\/\/www.walkingent.be\/fr\/wp-json\/wp\/v2\/pages\/5472","targetHints":{"allow":["GET"]}}],"collection":[{"href":"https:\/\/www.walkingent.be\/fr\/wp-json\/wp\/v2\/pages"}],"about":[{"href":"https:\/\/www.walkingent.be\/fr\/wp-json\/wp\/v2\/types\/page"}],"author":[{"embeddable":true,"href":"https:\/\/www.walkingent.be\/fr\/wp-json\/wp\/v2\/users\/1"}],"replies":[{"embeddable":true,"href":"https:\/\/www.walkingent.be\/fr\/wp-json\/wp\/v2\/comments?post=5472"}],"version-history":[{"count":0,"href":"https:\/\/www.walkingent.be\/fr\/wp-json\/wp\/v2\/pages\/5472\/revisions"}],"wp:attachment":[{"href":"https:\/\/www.walkingent.be\/fr\/wp-json\/wp\/v2\/media?parent=5472"}],"curies":[{"name":"wp","href":"https:\/\/api.w.org\/{rel}","templated":true}]}}