{"id":7696,"date":"2026-02-17T17:19:37","date_gmt":"2026-02-17T16:19:37","guid":{"rendered":"https:\/\/www.walkingent.be\/visites-guidees\/decouvrez-wintercircus\/"},"modified":"2026-02-17T17:40:23","modified_gmt":"2026-02-17T16:40:23","slug":"decouvrez-wintercircus","status":"publish","type":"page","link":"https:\/\/www.walkingent.be\/fr\/visites-guidees\/decouvrez-wintercircus\/","title":{"rendered":"D\u00e9couvrez Wintercircus"},"content":{"rendered":"\t\t<div data-elementor-type=\"wp-page\" data-elementor-id=\"7696\" class=\"elementor elementor-7696 elementor-7681\">\n\t\t\t\t<div class=\"elementor-element elementor-element-ecea8e3 e-flex e-con-boxed e-con e-parent\" data-id=\"ecea8e3\" data-element_type=\"container\" data-e-type=\"container\">\n\t\t\t\t\t<div class=\"e-con-inner\">\n\t\t\t\t<div class=\"elementor-element elementor-element-d3d06be elementor-widget elementor-widget-image\" data-id=\"d3d06be\" data-element_type=\"widget\" data-e-type=\"widget\" data-widget_type=\"image.default\">\n\t\t\t\t<div class=\"elementor-widget-container\">\n\t\t\t\t\t\t\t\t\t\t\t\t\t\t\t<img fetchpriority=\"high\" decoding=\"async\" width=\"640\" height=\"336\" src=\"https:\/\/www.walkingent.be\/wp-content\/uploads\/2026\/02\/wintercircus2.jpg\" class=\"attachment-full size-full wp-image-7695\" alt=\"\" srcset=\"https:\/\/www.walkingent.be\/wp-content\/uploads\/2026\/02\/wintercircus2.jpg 640w, https:\/\/www.walkingent.be\/wp-content\/uploads\/2026\/02\/wintercircus2-300x158.jpg 300w\" sizes=\"(max-width: 640px) 100vw, 640px\" \/>\t\t\t\t\t\t\t\t\t\t\t\t\t\t\t<\/div>\n\t\t\t\t<\/div>\n\t\t\t\t\t<\/div>\n\t\t\t\t<\/div>\n\t\t<div class=\"elementor-element elementor-element-4f54b2ed e-flex e-con-boxed e-con e-parent\" data-id=\"4f54b2ed\" data-element_type=\"container\" data-e-type=\"container\">\n\t\t\t\t\t<div class=\"e-con-inner\">\n\t\t\t\t<div class=\"elementor-element elementor-element-1c6418f7 elementor-widget elementor-widget-button\" data-id=\"1c6418f7\" data-element_type=\"widget\" data-e-type=\"widget\" data-widget_type=\"button.default\">\n\t\t\t\t<div class=\"elementor-widget-container\">\n\t\t\t\t\t\t\t\t\t<div class=\"elementor-button-wrapper\">\n\t\t\t\t\t<a class=\"elementor-button elementor-size-sm\" role=\"button\">\n\t\t\t\t\t\t<span class=\"elementor-button-content-wrapper\">\n\t\t\t\t\t\t\t\t\t<span class=\"elementor-button-text\">\u00e0 partir de 150 EUR<\/span>\n\t\t\t\t\t<\/span>\n\t\t\t\t\t<\/a>\n\t\t\t\t<\/div>\n\t\t\t\t\t\t\t\t<\/div>\n\t\t\t\t<\/div>\n\t\t\t\t\t<\/div>\n\t\t\t\t<\/div>\n\t\t<div class=\"elementor-element elementor-element-96d0a71 e-flex e-con-boxed e-con e-parent\" data-id=\"96d0a71\" data-element_type=\"container\" data-e-type=\"container\">\n\t\t\t\t\t<div class=\"e-con-inner\">\n\t\t\t\t<div class=\"elementor-element elementor-element-6689b96 elementor-widget elementor-widget-heading\" data-id=\"6689b96\" data-element_type=\"widget\" data-e-type=\"widget\" data-widget_type=\"heading.default\">\n\t\t\t\t<div class=\"elementor-widget-container\">\n\t\t\t\t\t<h2 class=\"elementor-heading-title elementor-size-default\">D\u00e9couvrez Wintercircus<\/h2>\t\t\t\t<\/div>\n\t\t\t\t<\/div>\n\t\t\t\t\t<\/div>\n\t\t\t\t<\/div>\n\t\t<div class=\"elementor-element elementor-element-9d8a23d e-flex e-con-boxed e-con e-parent\" data-id=\"9d8a23d\" data-element_type=\"container\" data-e-type=\"container\">\n\t\t\t\t\t<div class=\"e-con-inner\">\n\t\t\t\t<div class=\"elementor-element elementor-element-296b508 elementor-widget elementor-widget-text-editor\" data-id=\"296b508\" data-element_type=\"widget\" data-e-type=\"widget\" data-widget_type=\"text-editor.default\">\n\t\t\t\t<div class=\"elementor-widget-container\">\n\t\t\t\t\t\t\t\t\t<p>Capacit\u00e9 : 1 \u00e0 20 participants <br>Dur\u00e9e : 1,5 heure<br><strong>Disponible uniquement le SAMEDI<\/strong><\/p><p><a href=\"https:\/\/www.walkingent.be\/fr\/visites-guidees\/#overzicht\">Retour \u00e0 l&rsquo;aper\u00e7u<\/a><\/p>\t\t\t\t\t\t\t\t<\/div>\n\t\t\t\t<\/div>\n\t\t\t\t\t<\/div>\n\t\t\t\t<\/div>\n\t\t<div class=\"elementor-element elementor-element-5d08508 e-flex e-con-boxed e-con e-parent\" data-id=\"5d08508\" data-element_type=\"container\" data-e-type=\"container\">\n\t\t\t\t\t<div class=\"e-con-inner\">\n\t\t\t\t<div class=\"elementor-element elementor-element-6b00702 elementor-widget elementor-widget-heading\" data-id=\"6b00702\" data-element_type=\"widget\" data-e-type=\"widget\" data-widget_type=\"heading.default\">\n\t\t\t\t<div class=\"elementor-widget-container\">\n\t\t\t\t\t<h3 class=\"elementor-heading-title elementor-size-default\">Description<\/h3>\t\t\t\t<\/div>\n\t\t\t\t<\/div>\n\t\t\t\t<div class=\"elementor-element elementor-element-7d374155 elementor-widget-divider--view-line elementor-widget elementor-widget-divider\" data-id=\"7d374155\" data-element_type=\"widget\" data-e-type=\"widget\" data-widget_type=\"divider.default\">\n\t\t\t\t<div class=\"elementor-widget-container\">\n\t\t\t\t\t\t\t<div class=\"elementor-divider\">\n\t\t\t<span class=\"elementor-divider-separator\">\n\t\t\t\t\t\t<\/span>\n\t\t<\/div>\n\t\t\t\t\t\t<\/div>\n\t\t\t\t<\/div>\n\t\t\t\t<div class=\"elementor-element elementor-element-d760118 elementor-widget elementor-widget-text-editor\" data-id=\"d760118\" data-element_type=\"widget\" data-e-type=\"widget\" data-widget_type=\"text-editor.default\">\n\t\t\t\t<div class=\"elementor-widget-container\">\n\t\t\t\t\t\t\t\t\t<p>Le Wintercircus fut autrefois un temple du divertissement cirque, du th\u00e9\u00e2tre de vari\u00e9t\u00e9s et des paillettes automobiles. R\u00e9cemment, ce b\u00e2timent unique a \u00e9t\u00e9 r\u00e9ussi \u00e0 \u00eatre transform\u00e9 en un point chaud technologique dynamique. D\u00e9couvrez avec nous cet endroit inspirant o\u00f9 l\u2019innovation est centrale.<\/p>\t\t\t\t\t\t\t\t<\/div>\n\t\t\t\t<\/div>\n\t\t\t\t<div class=\"elementor-element elementor-element-d050255 elementor-widget elementor-widget-heading\" data-id=\"d050255\" data-element_type=\"widget\" data-e-type=\"widget\" data-widget_type=\"heading.default\">\n\t\t\t\t<div class=\"elementor-widget-container\">\n\t\t\t\t\t<h3 class=\"elementor-heading-title elementor-size-default\">R\u00e9server<\/h3>\t\t\t\t<\/div>\n\t\t\t\t<\/div>\n\t\t\t\t<div class=\"elementor-element elementor-element-e3d695c elementor-widget-divider--view-line elementor-widget elementor-widget-divider\" data-id=\"e3d695c\" data-element_type=\"widget\" data-e-type=\"widget\" data-widget_type=\"divider.default\">\n\t\t\t\t<div class=\"elementor-widget-container\">\n\t\t\t\t\t\t\t<div class=\"elementor-divider\">\n\t\t\t<span class=\"elementor-divider-separator\">\n\t\t\t\t\t\t<\/span>\n\t\t<\/div>\n\t\t\t\t\t\t<\/div>\n\t\t\t\t<\/div>\n\t\t\t\t\t<\/div>\n\t\t\t\t<\/div>\n\t\t<div class=\"elementor-element elementor-element-88d12c9 e-flex e-con-boxed e-con e-parent\" data-id=\"88d12c9\" data-element_type=\"container\" data-e-type=\"container\">\n\t\t\t\t\t<div class=\"e-con-inner\">\n\t\t\t\t<div class=\"elementor-element elementor-element-3df8dc3 elementor-widget elementor-widget-text-editor\" data-id=\"3df8dc3\" data-element_type=\"widget\" data-e-type=\"widget\" data-widget_type=\"text-editor.default\">\n\t\t\t\t<div class=\"elementor-widget-container\">\n\t\t\t\t\t\t\t\t\t<p><b>Wintercircus<\/b><\/p><p>R\u00e9servez cette promenade par e-mail avec la date souhait\u00e9e et le nombre de participants \u00e0 <a href=\"mailto:contact@walkingent.be\">contact@walkingent.be<\/a><br>Mentionnez aussi au moins deux fois ce qui convient \u00e0 votre groupe. Ainsi, nous pouvons r\u00e9server un cr\u00e9neau horaire pour vous au Wintercircus.<\/p>\t\t\t\t\t\t\t\t<\/div>\n\t\t\t\t<\/div>\n\t\t\t\t\t<\/div>\n\t\t\t\t<\/div>\n\t\t<div class=\"elementor-element elementor-element-f51eca4 e-flex e-con-boxed e-con e-parent\" data-id=\"f51eca4\" data-element_type=\"container\" data-e-type=\"container\">\n\t\t\t\t\t<div class=\"e-con-inner\">\n\t\t\t\t<div class=\"elementor-element elementor-element-2177ab9 elementor-widget elementor-widget-text-editor\" data-id=\"2177ab9\" data-element_type=\"widget\" data-e-type=\"widget\" data-widget_type=\"text-editor.default\">\n\t\t\t\t<div class=\"elementor-widget-container\">\n\t\t\t\t\t\t\t\t\t<div class=\"addtoany_shortcode\"><div class=\"a2a_kit a2a_kit_size_26 addtoany_list\" data-a2a-url=\"https:\/\/www.walkingent.be\/fr\/visites-guidees\/decouvrez-wintercircus\/\" data-a2a-title=\"D\u00e9couvrez Wintercircus\"><a class=\"a2a_button_facebook\" href=\"https:\/\/www.addtoany.com\/add_to\/facebook?linkurl=https%3A%2F%2Fwww.walkingent.be%2Ffr%2Fvisites-guidees%2Fdecouvrez-wintercircus%2F&amp;linkname=D%C3%A9couvrez%20Wintercircus\" title=\"Facebook\" rel=\"nofollow noopener\" target=\"_blank\"><\/a><a class=\"a2a_button_linkedin\" href=\"https:\/\/www.addtoany.com\/add_to\/linkedin?linkurl=https%3A%2F%2Fwww.walkingent.be%2Ffr%2Fvisites-guidees%2Fdecouvrez-wintercircus%2F&amp;linkname=D%C3%A9couvrez%20Wintercircus\" title=\"LinkedIn\" rel=\"nofollow noopener\" target=\"_blank\"><\/a><a class=\"a2a_button_pinterest\" href=\"https:\/\/www.addtoany.com\/add_to\/pinterest?linkurl=https%3A%2F%2Fwww.walkingent.be%2Ffr%2Fvisites-guidees%2Fdecouvrez-wintercircus%2F&amp;linkname=D%C3%A9couvrez%20Wintercircus\" title=\"Pinterest\" rel=\"nofollow noopener\" target=\"_blank\"><\/a><a class=\"a2a_button_snapchat\" href=\"https:\/\/www.addtoany.com\/add_to\/snapchat?linkurl=https%3A%2F%2Fwww.walkingent.be%2Ffr%2Fvisites-guidees%2Fdecouvrez-wintercircus%2F&amp;linkname=D%C3%A9couvrez%20Wintercircus\" title=\"Snapchat\" rel=\"nofollow noopener\" target=\"_blank\"><\/a><a class=\"a2a_button_x\" href=\"https:\/\/www.addtoany.com\/add_to\/x?linkurl=https%3A%2F%2Fwww.walkingent.be%2Ffr%2Fvisites-guidees%2Fdecouvrez-wintercircus%2F&amp;linkname=D%C3%A9couvrez%20Wintercircus\" title=\"X\" rel=\"nofollow noopener\" target=\"_blank\"><\/a><\/div><\/div>\t\t\t\t\t\t\t\t<\/div>\n\t\t\t\t<\/div>\n\t\t\t\t\t<\/div>\n\t\t\t\t<\/div>\n\t\t\t\t<\/div>\n\t\t","protected":false},"excerpt":{"rendered":"<p>\u00e0 partir de 150 EUR D\u00e9couvrez Wintercircus Capacit\u00e9 : 1 \u00e0 20 participants Dur\u00e9e : 1,5 heureDisponible uniquement le SAMEDI Retour \u00e0 l&rsquo;aper\u00e7u Description Le Wintercircus fut autrefois un temple du divertissement cirque, du th\u00e9\u00e2tre de vari\u00e9t\u00e9s et des paillettes automobiles. R\u00e9cemment, ce b\u00e2timent unique a \u00e9t\u00e9 r\u00e9ussi \u00e0 \u00eatre transform\u00e9 en un point chaud [&hellip;]<\/p>\n","protected":false},"author":21,"featured_media":0,"parent":5389,"menu_order":-1,"comment_status":"closed","ping_status":"closed","template":"","meta":{"site-sidebar-layout":"no-sidebar","site-content-layout":"page-builder","ast-site-content-layout":"full-width-container","site-content-style":"default","site-sidebar-style":"default","ast-global-header-display":"","ast-banner-title-visibility":"","ast-main-header-display":"","ast-hfb-above-header-display":"","ast-hfb-below-header-display":"","ast-hfb-mobile-header-display":"","site-post-title":"disabled","ast-breadcrumbs-content":"","ast-featured-img":"disabled","footer-sml-layout":"","ast-disable-related-posts":"","theme-transparent-header-meta":"","adv-header-id-meta":"","stick-header-meta":"","header-above-stick-meta":"","header-main-stick-meta":"","header-below-stick-meta":"","astra-migrate-meta-layouts":"default","ast-page-background-enabled":"default","ast-page-background-meta":{"desktop":{"background-color":"","background-image":"","background-repeat":"repeat","background-position":"center center","background-size":"auto","background-attachment":"scroll","background-type":"","background-media":"","overlay-type":"","overlay-color":"","overlay-opacity":"","overlay-gradient":""},"tablet":{"background-color":"","background-image":"","background-repeat":"repeat","background-position":"center center","background-size":"auto","background-attachment":"scroll","background-type":"","background-media":"","overlay-type":"","overlay-color":"","overlay-opacity":"","overlay-gradient":""},"mobile":{"background-color":"","background-image":"","background-repeat":"repeat","background-position":"center center","background-size":"auto","background-attachment":"scroll","background-type":"","background-media":"","overlay-type":"","overlay-color":"","overlay-opacity":"","overlay-gradient":""}},"ast-content-background-meta":{"desktop":{"background-color":"var(--ast-global-color-5)","background-image":"","background-repeat":"repeat","background-position":"center center","background-size":"auto","background-attachment":"scroll","background-type":"","background-media":"","overlay-type":"","overlay-color":"","overlay-opacity":"","overlay-gradient":""},"tablet":{"background-color":"var(--ast-global-color-5)","background-image":"","background-repeat":"repeat","background-position":"center center","background-size":"auto","background-attachment":"scroll","background-type":"","background-media":"","overlay-type":"","overlay-color":"","overlay-opacity":"","overlay-gradient":""},"mobile":{"background-color":"var(--ast-global-color-5)","background-image":"","background-repeat":"repeat","background-position":"center center","background-size":"auto","background-attachment":"scroll","background-type":"","background-media":"","overlay-type":"","overlay-color":"","overlay-opacity":"","overlay-gradient":""}},"footnotes":""},"class_list":["post-7696","page","type-page","status-publish","hentry"],"_links":{"self":[{"href":"https:\/\/www.walkingent.be\/fr\/wp-json\/wp\/v2\/pages\/7696","targetHints":{"allow":["GET"]}}],"collection":[{"href":"https:\/\/www.walkingent.be\/fr\/wp-json\/wp\/v2\/pages"}],"about":[{"href":"https:\/\/www.walkingent.be\/fr\/wp-json\/wp\/v2\/types\/page"}],"author":[{"embeddable":true,"href":"https:\/\/www.walkingent.be\/fr\/wp-json\/wp\/v2\/users\/21"}],"replies":[{"embeddable":true,"href":"https:\/\/www.walkingent.be\/fr\/wp-json\/wp\/v2\/comments?post=7696"}],"version-history":[{"count":1,"href":"https:\/\/www.walkingent.be\/fr\/wp-json\/wp\/v2\/pages\/7696\/revisions"}],"predecessor-version":[{"id":7697,"href":"https:\/\/www.walkingent.be\/fr\/wp-json\/wp\/v2\/pages\/7696\/revisions\/7697"}],"up":[{"embeddable":true,"href":"https:\/\/www.walkingent.be\/fr\/wp-json\/wp\/v2\/pages\/5389"}],"wp:attachment":[{"href":"https:\/\/www.walkingent.be\/fr\/wp-json\/wp\/v2\/media?parent=7696"}],"curies":[{"name":"wp","href":"https:\/\/api.w.org\/{rel}","templated":true}]}}