{"id":7705,"date":"2026-02-17T17:06:28","date_gmt":"2026-02-17T16:06:28","guid":{"rendered":"https:\/\/www.walkingent.be\/promenade-climatique-de-gand\/"},"modified":"2026-02-17T21:18:58","modified_gmt":"2026-02-17T20:18:58","slug":"promenade-climatique-de-gand","status":"publish","type":"page","link":"https:\/\/www.walkingent.be\/fr\/visites-guidees\/promenade-climatique-de-gand\/","title":{"rendered":"Promenade climatique de Gand"},"content":{"rendered":"\t\t<div data-elementor-type=\"wp-page\" data-elementor-id=\"7705\" class=\"elementor elementor-7705 elementor-7649\">\n\t\t\t\t<div class=\"elementor-element elementor-element-1074c79b e-flex e-con-boxed e-con e-parent\" data-id=\"1074c79b\" data-element_type=\"container\" data-e-type=\"container\">\n\t\t\t\t\t<div class=\"e-con-inner\">\n\t\t\t\t<div class=\"elementor-element elementor-element-1f3c6994 elementor-widget elementor-widget-image\" data-id=\"1f3c6994\" data-element_type=\"widget\" data-e-type=\"widget\" data-widget_type=\"image.default\">\n\t\t\t\t<div class=\"elementor-widget-container\">\n\t\t\t\t\t\t\t\t\t\t\t\t\t\t\t<img decoding=\"async\" src=\"https:\/\/www.walkingent.be\/wp-content\/uploads\/elementor\/thumbs\/klimaat-rjam77u80j70ewl3p3njcnfdqiv5c84ne631u5yvb4.jpg\" title=\"Climat\" alt=\"Climat\" loading=\"lazy\" \/>\t\t\t\t\t\t\t\t\t\t\t\t\t\t\t<\/div>\n\t\t\t\t<\/div>\n\t\t\t\t\t<\/div>\n\t\t\t\t<\/div>\n\t\t<div class=\"elementor-element elementor-element-1a743a80 e-flex e-con-boxed e-con e-parent\" data-id=\"1a743a80\" data-element_type=\"container\" data-e-type=\"container\">\n\t\t\t\t\t<div class=\"e-con-inner\">\n\t\t\t\t<div class=\"elementor-element elementor-element-b783b00 elementor-widget elementor-widget-button\" data-id=\"b783b00\" data-element_type=\"widget\" data-e-type=\"widget\" data-widget_type=\"button.default\">\n\t\t\t\t<div class=\"elementor-widget-container\">\n\t\t\t\t\t\t\t\t\t<div class=\"elementor-button-wrapper\">\n\t\t\t\t\t<a class=\"elementor-button elementor-size-sm\" role=\"button\">\n\t\t\t\t\t\t<span class=\"elementor-button-content-wrapper\">\n\t\t\t\t\t\t\t\t\t<span class=\"elementor-button-text\">\u00e0 partir de 85 EUR<\/span>\n\t\t\t\t\t<\/span>\n\t\t\t\t\t<\/a>\n\t\t\t\t<\/div>\n\t\t\t\t\t\t\t\t<\/div>\n\t\t\t\t<\/div>\n\t\t\t\t\t<\/div>\n\t\t\t\t<\/div>\n\t\t<div class=\"elementor-element elementor-element-42c7a334 e-flex e-con-boxed e-con e-parent\" data-id=\"42c7a334\" data-element_type=\"container\" data-e-type=\"container\">\n\t\t\t\t\t<div class=\"e-con-inner\">\n\t\t\t\t<div class=\"elementor-element elementor-element-5c6d4151 elementor-widget elementor-widget-heading\" data-id=\"5c6d4151\" data-element_type=\"widget\" data-e-type=\"widget\" data-widget_type=\"heading.default\">\n\t\t\t\t<div class=\"elementor-widget-container\">\n\t\t\t\t\t<h2 class=\"elementor-heading-title elementor-size-default\">Promenade climatique de Gand<\/h2>\t\t\t\t<\/div>\n\t\t\t\t<\/div>\n\t\t\t\t\t<\/div>\n\t\t\t\t<\/div>\n\t\t<div class=\"elementor-element elementor-element-1ba6b157 e-flex e-con-boxed e-con e-parent\" data-id=\"1ba6b157\" data-element_type=\"container\" data-e-type=\"container\">\n\t\t\t\t\t<div class=\"e-con-inner\">\n\t\t\t\t<div class=\"elementor-element elementor-element-641ec615 elementor-widget elementor-widget-text-editor\" data-id=\"641ec615\" data-element_type=\"widget\" data-e-type=\"widget\" data-widget_type=\"text-editor.default\">\n\t\t\t\t<div class=\"elementor-widget-container\">\n\t\t\t\t\t\t\t\t\t<p>Capacit\u00e9 : 1 \u00e0 20 participants <br>Dur\u00e9e : 2h<\/p><p><a href=\"https:\/\/www.walkingent.be\/fr\/visites-guidees\/#overzicht\">Retour \u00e0 l&rsquo;aper\u00e7u<\/a><\/p>\t\t\t\t\t\t\t\t<\/div>\n\t\t\t\t<\/div>\n\t\t\t\t\t<\/div>\n\t\t\t\t<\/div>\n\t\t<div class=\"elementor-element elementor-element-62255c1 e-flex e-con-boxed e-con e-parent\" data-id=\"62255c1\" data-element_type=\"container\" data-e-type=\"container\">\n\t\t\t\t\t<div class=\"e-con-inner\">\n\t\t\t\t<div class=\"elementor-element elementor-element-38d4fa3a elementor-widget elementor-widget-heading\" data-id=\"38d4fa3a\" data-element_type=\"widget\" data-e-type=\"widget\" data-widget_type=\"heading.default\">\n\t\t\t\t<div class=\"elementor-widget-container\">\n\t\t\t\t\t<h3 class=\"elementor-heading-title elementor-size-default\">Description<\/h3>\t\t\t\t<\/div>\n\t\t\t\t<\/div>\n\t\t\t\t<div class=\"elementor-element elementor-element-6e0aa657 elementor-widget-divider--view-line elementor-widget elementor-widget-divider\" data-id=\"6e0aa657\" data-element_type=\"widget\" data-e-type=\"widget\" data-widget_type=\"divider.default\">\n\t\t\t\t<div class=\"elementor-widget-container\">\n\t\t\t\t\t\t\t<div class=\"elementor-divider\">\n\t\t\t<span class=\"elementor-divider-separator\">\n\t\t\t\t\t\t<\/span>\n\t\t<\/div>\n\t\t\t\t\t\t<\/div>\n\t\t\t\t<\/div>\n\t\t\t\t<div class=\"elementor-element elementor-element-7bdbf604 elementor-widget elementor-widget-text-editor\" data-id=\"7bdbf604\" data-element_type=\"widget\" data-e-type=\"widget\" data-widget_type=\"text-editor.default\">\n\t\t\t\t<div class=\"elementor-widget-container\">\n\t\t\t\t\t\t\t\t\t<p>Gand, avec les villes portuaires nord-europ\u00e9ennes de Glasgow, G\u00f6teborg et Riga, a \u00e9labor\u00e9 des plans climatiques ambitieux pour devenir robuste climatiquement d\u2019ici 2030 et neutre climatiquement d\u2019ici 2050.  <\/p><p>Qu\u2019est-ce qui est d\u00e9j\u00e0 tangible aujourd\u2019hui, et qu\u2019est-ce qui est en plein d\u00e9veloppement ?<\/p><p>Une promenade non classique et perspicace dans notre ville progressiste qui peut inspirer beaucoup de monde.<\/p>\t\t\t\t\t\t\t\t<\/div>\n\t\t\t\t<\/div>\n\t\t\t\t<div class=\"elementor-element elementor-element-261edc60 elementor-widget elementor-widget-heading\" data-id=\"261edc60\" data-element_type=\"widget\" data-e-type=\"widget\" data-widget_type=\"heading.default\">\n\t\t\t\t<div class=\"elementor-widget-container\">\n\t\t\t\t\t<h5 class=\"elementor-heading-title elementor-size-default\">Prix de la visite guid\u00e9e<\/h5>\t\t\t\t<\/div>\n\t\t\t\t<\/div>\n\t\t\t\t<div class=\"elementor-element elementor-element-52196c78 elementor-widget elementor-widget-text-editor\" data-id=\"52196c78\" data-element_type=\"widget\" data-e-type=\"widget\" data-widget_type=\"text-editor.default\">\n\t\t\t\t<div class=\"elementor-widget-container\">\n\t\t\t\t\t\t\t\t\t<p><span style=\"font-size: 1rem; font-style: inherit; font-weight: inherit; text-align: var(--text-align); color: var(--ast-global-color-3); background-color: var(--ast-global-color-4);\">Nos prix sont d\u00e9termin\u00e9s par le nombre de participants. Vous les trouverez dans le formulaire de r\u00e9servation en ligne ci-dessous. N&rsquo;h\u00e9sitez pas \u00e0 jeter un coup d&rsquo;\u0153il et \u00e0 r\u00e9server cette visite unique. <\/span><\/p>\t\t\t\t\t\t\t\t<\/div>\n\t\t\t\t<\/div>\n\t\t\t\t<div class=\"elementor-element elementor-element-f3e1d49 elementor-widget elementor-widget-heading\" data-id=\"f3e1d49\" data-element_type=\"widget\" data-e-type=\"widget\" data-widget_type=\"heading.default\">\n\t\t\t\t<div class=\"elementor-widget-container\">\n\t\t\t\t\t<h3 class=\"elementor-heading-title elementor-size-default\">R\u00e9servation en ligne<\/h3>\t\t\t\t<\/div>\n\t\t\t\t<\/div>\n\t\t\t\t<div class=\"elementor-element elementor-element-2f6b5c5d elementor-widget-divider--view-line elementor-widget elementor-widget-divider\" data-id=\"2f6b5c5d\" data-element_type=\"widget\" data-e-type=\"widget\" data-widget_type=\"divider.default\">\n\t\t\t\t<div class=\"elementor-widget-container\">\n\t\t\t\t\t\t\t<div class=\"elementor-divider\">\n\t\t\t<span class=\"elementor-divider-separator\">\n\t\t\t\t\t\t<\/span>\n\t\t<\/div>\n\t\t\t\t\t\t<\/div>\n\t\t\t\t<\/div>\n\t\t\t\t\t<\/div>\n\t\t\t\t<\/div>\n\t\t<div class=\"elementor-element elementor-element-5a2658f e-flex e-con-boxed e-con e-parent\" data-id=\"5a2658f\" data-element_type=\"container\" data-e-type=\"container\">\n\t\t\t\t\t<div class=\"e-con-inner\">\n\t\t\t\t<div class=\"elementor-element elementor-element-52e5abcc elementor-widget elementor-widget-stepbooking\" data-id=\"52e5abcc\" data-element_type=\"widget\" data-e-type=\"widget\" data-widget_type=\"stepbooking.default\">\n\t\t\t\t<div class=\"elementor-widget-container\">\n\t\t\t\t\t\n<script>\n  if (typeof hasAmeliaEntitiesApiCall === 'undefined' && ('' === '' && '' !== '1')) {\n    var hasAmeliaEntitiesApiCall = true;\n  }\n  var ameliaShortcodeData = (typeof ameliaShortcodeData === 'undefined') ? [] : ameliaShortcodeData;\n  ameliaShortcodeData.push(\n    {\n      'hasApiCall': (typeof hasAmeliaEntitiesApiCall !== 'undefined') && hasAmeliaEntitiesApiCall,\n      'trigger': '',\n      'trigger_type': '',\n      'triggered_form': 'sbsNew',\n      'in_dialog': '',\n      'show': '',\n      'counter': '1000',\n      'category': '',\n      'service': '78',\n      'employee': '',\n      'location': '',\n      'package': '',\n      'layout': '1',\n    }\n  );\n\n  var ameliaShortcodeDataTriggered = (typeof ameliaShortcodeDataTriggered === 'undefined') ? [] : ameliaShortcodeDataTriggered;\n  if (ameliaShortcodeData[ameliaShortcodeData.length - 1].trigger !== '') {\n    if (ameliaShortcodeDataTriggered.filter(a => a.counter === ameliaShortcodeData[ameliaShortcodeData.length - 1].counter).length === 0) {\n      ameliaShortcodeDataTriggered.push(ameliaShortcodeData.pop());\n    } else {\n      ameliaShortcodeData.pop()\n    }\n  }\n  if (typeof hasAmeliaEntitiesApiCall !== 'undefined' && hasAmeliaEntitiesApiCall) {\n    hasAmeliaEntitiesApiCall = false;\n  }\n<\/script>\n\n<div\n  id=\"amelia-v2-booking-1000\"\n  class=\"amelia-v2-booking\"\n >\n    <step-form-wrapper><\/step-form-wrapper><\/div>\n\t\t\t\t<\/div>\n\t\t\t\t<\/div>\n\t\t\t\t<div class=\"elementor-element elementor-element-4d306214 elementor-widget elementor-widget-spacer\" data-id=\"4d306214\" data-element_type=\"widget\" data-e-type=\"widget\" data-widget_type=\"spacer.default\">\n\t\t\t\t<div class=\"elementor-widget-container\">\n\t\t\t\t\t\t\t<div class=\"elementor-spacer\">\n\t\t\t<div class=\"elementor-spacer-inner\"><\/div>\n\t\t<\/div>\n\t\t\t\t\t\t<\/div>\n\t\t\t\t<\/div>\n\t\t\t\t<div class=\"elementor-element elementor-element-7c5d1444 elementor-widget elementor-widget-text-editor\" data-id=\"7c5d1444\" data-element_type=\"widget\" data-e-type=\"widget\" data-widget_type=\"text-editor.default\">\n\t\t\t\t<div class=\"elementor-widget-container\">\n\t\t\t\t\t\t\t\t\t<div class=\"addtoany_shortcode\"><div class=\"a2a_kit a2a_kit_size_26 addtoany_list\" data-a2a-url=\"https:\/\/www.walkingent.be\/fr\/visites-guidees\/promenade-climatique-de-gand\/\" data-a2a-title=\"Promenade climatique de Gand\"><a class=\"a2a_button_facebook\" href=\"https:\/\/www.addtoany.com\/add_to\/facebook?linkurl=https%3A%2F%2Fwww.walkingent.be%2Ffr%2Fvisites-guidees%2Fpromenade-climatique-de-gand%2F&amp;linkname=Promenade%20climatique%20de%20Gand\" title=\"Facebook\" rel=\"nofollow noopener\" target=\"_blank\"><\/a><a class=\"a2a_button_linkedin\" href=\"https:\/\/www.addtoany.com\/add_to\/linkedin?linkurl=https%3A%2F%2Fwww.walkingent.be%2Ffr%2Fvisites-guidees%2Fpromenade-climatique-de-gand%2F&amp;linkname=Promenade%20climatique%20de%20Gand\" title=\"LinkedIn\" rel=\"nofollow noopener\" target=\"_blank\"><\/a><a class=\"a2a_button_pinterest\" href=\"https:\/\/www.addtoany.com\/add_to\/pinterest?linkurl=https%3A%2F%2Fwww.walkingent.be%2Ffr%2Fvisites-guidees%2Fpromenade-climatique-de-gand%2F&amp;linkname=Promenade%20climatique%20de%20Gand\" title=\"Pinterest\" rel=\"nofollow noopener\" target=\"_blank\"><\/a><a class=\"a2a_button_snapchat\" href=\"https:\/\/www.addtoany.com\/add_to\/snapchat?linkurl=https%3A%2F%2Fwww.walkingent.be%2Ffr%2Fvisites-guidees%2Fpromenade-climatique-de-gand%2F&amp;linkname=Promenade%20climatique%20de%20Gand\" title=\"Snapchat\" rel=\"nofollow noopener\" target=\"_blank\"><\/a><a class=\"a2a_button_x\" href=\"https:\/\/www.addtoany.com\/add_to\/x?linkurl=https%3A%2F%2Fwww.walkingent.be%2Ffr%2Fvisites-guidees%2Fpromenade-climatique-de-gand%2F&amp;linkname=Promenade%20climatique%20de%20Gand\" title=\"X\" rel=\"nofollow noopener\" target=\"_blank\"><\/a><\/div><\/div>\t\t\t\t\t\t\t\t<\/div>\n\t\t\t\t<\/div>\n\t\t\t\t\t<\/div>\n\t\t\t\t<\/div>\n\t\t\t\t<\/div>\n\t\t","protected":false},"excerpt":{"rendered":"<p>\u00e0 partir de 85 EUR Promenade climatique de Gand Capacit\u00e9 : 1 \u00e0 20 participants Dur\u00e9e : 2h Retour \u00e0 l&rsquo;aper\u00e7u Description Gand, avec les villes portuaires nord-europ\u00e9ennes de Glasgow, G\u00f6teborg et Riga, a \u00e9labor\u00e9 des plans climatiques ambitieux pour devenir robuste climatiquement d\u2019ici 2030 et neutre climatiquement d\u2019ici 2050. Qu\u2019est-ce qui est d\u00e9j\u00e0 tangible [&hellip;]<\/p>\n","protected":false},"author":21,"featured_media":0,"parent":5389,"menu_order":-1,"comment_status":"closed","ping_status":"closed","template":"","meta":{"site-sidebar-layout":"no-sidebar","site-content-layout":"page-builder","ast-site-content-layout":"full-width-container","site-content-style":"default","site-sidebar-style":"default","ast-global-header-display":"","ast-banner-title-visibility":"","ast-main-header-display":"","ast-hfb-above-header-display":"","ast-hfb-below-header-display":"","ast-hfb-mobile-header-display":"","site-post-title":"disabled","ast-breadcrumbs-content":"","ast-featured-img":"disabled","footer-sml-layout":"","ast-disable-related-posts":"","theme-transparent-header-meta":"","adv-header-id-meta":"","stick-header-meta":"","header-above-stick-meta":"","header-main-stick-meta":"","header-below-stick-meta":"","astra-migrate-meta-layouts":"default","ast-page-background-enabled":"default","ast-page-background-meta":{"desktop":{"background-color":"","background-image":"","background-repeat":"repeat","background-position":"center center","background-size":"auto","background-attachment":"scroll","background-type":"","background-media":"","overlay-type":"","overlay-color":"","overlay-opacity":"","overlay-gradient":""},"tablet":{"background-color":"","background-image":"","background-repeat":"repeat","background-position":"center center","background-size":"auto","background-attachment":"scroll","background-type":"","background-media":"","overlay-type":"","overlay-color":"","overlay-opacity":"","overlay-gradient":""},"mobile":{"background-color":"","background-image":"","background-repeat":"repeat","background-position":"center center","background-size":"auto","background-attachment":"scroll","background-type":"","background-media":"","overlay-type":"","overlay-color":"","overlay-opacity":"","overlay-gradient":""}},"ast-content-background-meta":{"desktop":{"background-color":"var(--ast-global-color-5)","background-image":"","background-repeat":"repeat","background-position":"center center","background-size":"auto","background-attachment":"scroll","background-type":"","background-media":"","overlay-type":"","overlay-color":"","overlay-opacity":"","overlay-gradient":""},"tablet":{"background-color":"var(--ast-global-color-5)","background-image":"","background-repeat":"repeat","background-position":"center center","background-size":"auto","background-attachment":"scroll","background-type":"","background-media":"","overlay-type":"","overlay-color":"","overlay-opacity":"","overlay-gradient":""},"mobile":{"background-color":"var(--ast-global-color-5)","background-image":"","background-repeat":"repeat","background-position":"center center","background-size":"auto","background-attachment":"scroll","background-type":"","background-media":"","overlay-type":"","overlay-color":"","overlay-opacity":"","overlay-gradient":""}},"footnotes":""},"class_list":["post-7705","page","type-page","status-publish","hentry"],"_links":{"self":[{"href":"https:\/\/www.walkingent.be\/fr\/wp-json\/wp\/v2\/pages\/7705","targetHints":{"allow":["GET"]}}],"collection":[{"href":"https:\/\/www.walkingent.be\/fr\/wp-json\/wp\/v2\/pages"}],"about":[{"href":"https:\/\/www.walkingent.be\/fr\/wp-json\/wp\/v2\/types\/page"}],"author":[{"embeddable":true,"href":"https:\/\/www.walkingent.be\/fr\/wp-json\/wp\/v2\/users\/21"}],"replies":[{"embeddable":true,"href":"https:\/\/www.walkingent.be\/fr\/wp-json\/wp\/v2\/comments?post=7705"}],"version-history":[{"count":7,"href":"https:\/\/www.walkingent.be\/fr\/wp-json\/wp\/v2\/pages\/7705\/revisions"}],"predecessor-version":[{"id":7816,"href":"https:\/\/www.walkingent.be\/fr\/wp-json\/wp\/v2\/pages\/7705\/revisions\/7816"}],"up":[{"embeddable":true,"href":"https:\/\/www.walkingent.be\/fr\/wp-json\/wp\/v2\/pages\/5389"}],"wp:attachment":[{"href":"https:\/\/www.walkingent.be\/fr\/wp-json\/wp\/v2\/media?parent=7705"}],"curies":[{"name":"wp","href":"https:\/\/api.w.org\/{rel}","templated":true}]}}