{"id":7714,"date":"2026-02-17T17:09:40","date_gmt":"2026-02-17T16:09:40","guid":{"rendered":"https:\/\/www.walkingent.be\/celebrite-et-grandeur-gand-et-louis-roelandt\/"},"modified":"2026-02-17T21:21:00","modified_gmt":"2026-02-17T20:21:00","slug":"celebrite-et-grandeur-gand-et-louis-roelandt","status":"publish","type":"page","link":"https:\/\/www.walkingent.be\/fr\/visites-guidees\/celebrite-et-grandeur-gand-et-louis-roelandt\/","title":{"rendered":"C\u00e9l\u00e9brit\u00e9 et grandeur, Gand et Louis Roelandt"},"content":{"rendered":"\t\t<div data-elementor-type=\"wp-page\" data-elementor-id=\"7714\" class=\"elementor elementor-7714 elementor-7657\">\n\t\t\t\t<div class=\"elementor-element elementor-element-5e79a7ca e-flex e-con-boxed e-con e-parent\" data-id=\"5e79a7ca\" data-element_type=\"container\" data-e-type=\"container\">\n\t\t\t\t\t<div class=\"e-con-inner\">\n\t\t\t\t<div class=\"elementor-element elementor-element-1b8e494a elementor-widget elementor-widget-image\" data-id=\"1b8e494a\" data-element_type=\"widget\" data-e-type=\"widget\" data-widget_type=\"image.default\">\n\t\t\t\t<div class=\"elementor-widget-container\">\n\t\t\t\t\t\t\t\t\t\t\t\t\t\t\t<img decoding=\"async\" src=\"https:\/\/www.walkingent.be\/wp-content\/uploads\/elementor\/thumbs\/grandeur-rjam75yjmv4fronu02ua7nwgjr4ewtx6pws2vm1nnk.jpg\" title=\"Grandeur\" alt=\"Grandeur\" loading=\"lazy\" \/>\t\t\t\t\t\t\t\t\t\t\t\t\t\t\t<\/div>\n\t\t\t\t<\/div>\n\t\t\t\t\t<\/div>\n\t\t\t\t<\/div>\n\t\t<div class=\"elementor-element elementor-element-6a42c28e e-flex e-con-boxed e-con e-parent\" data-id=\"6a42c28e\" data-element_type=\"container\" data-e-type=\"container\">\n\t\t\t\t\t<div class=\"e-con-inner\">\n\t\t\t\t<div class=\"elementor-element elementor-element-3ef7b68a elementor-widget elementor-widget-button\" data-id=\"3ef7b68a\" data-element_type=\"widget\" data-e-type=\"widget\" data-widget_type=\"button.default\">\n\t\t\t\t<div class=\"elementor-widget-container\">\n\t\t\t\t\t\t\t\t\t<div class=\"elementor-button-wrapper\">\n\t\t\t\t\t<a class=\"elementor-button elementor-size-sm\" role=\"button\">\n\t\t\t\t\t\t<span class=\"elementor-button-content-wrapper\">\n\t\t\t\t\t\t\t\t\t<span class=\"elementor-button-text\">\u00e0 partir de 85 EUR<\/span>\n\t\t\t\t\t<\/span>\n\t\t\t\t\t<\/a>\n\t\t\t\t<\/div>\n\t\t\t\t\t\t\t\t<\/div>\n\t\t\t\t<\/div>\n\t\t\t\t\t<\/div>\n\t\t\t\t<\/div>\n\t\t<div class=\"elementor-element elementor-element-6f86c4d0 e-flex e-con-boxed e-con e-parent\" data-id=\"6f86c4d0\" data-element_type=\"container\" data-e-type=\"container\">\n\t\t\t\t\t<div class=\"e-con-inner\">\n\t\t\t\t<div class=\"elementor-element elementor-element-909981c elementor-widget elementor-widget-heading\" data-id=\"909981c\" data-element_type=\"widget\" data-e-type=\"widget\" data-widget_type=\"heading.default\">\n\t\t\t\t<div class=\"elementor-widget-container\">\n\t\t\t\t\t<h2 class=\"elementor-heading-title elementor-size-default\">C\u00e9l\u00e9brit\u00e9 et grandeur, Gand et Louis Roelandt<\/h2>\t\t\t\t<\/div>\n\t\t\t\t<\/div>\n\t\t\t\t\t<\/div>\n\t\t\t\t<\/div>\n\t\t<div class=\"elementor-element elementor-element-20e9e840 e-flex e-con-boxed e-con e-parent\" data-id=\"20e9e840\" data-element_type=\"container\" data-e-type=\"container\">\n\t\t\t\t\t<div class=\"e-con-inner\">\n\t\t\t\t<div class=\"elementor-element elementor-element-c4a51bf elementor-widget elementor-widget-text-editor\" data-id=\"c4a51bf\" data-element_type=\"widget\" data-e-type=\"widget\" data-widget_type=\"text-editor.default\">\n\t\t\t\t<div class=\"elementor-widget-container\">\n\t\t\t\t\t\t\t\t\t<p>Capacit\u00e9 : 1 \u00e0 20 participants <br>Dur\u00e9e : 2h<\/p><p><a href=\"https:\/\/www.walkingent.be\/fr\/visites-guidees\/#overzicht\">Retour \u00e0 l&rsquo;aper\u00e7u<\/a><\/p>\t\t\t\t\t\t\t\t<\/div>\n\t\t\t\t<\/div>\n\t\t\t\t\t<\/div>\n\t\t\t\t<\/div>\n\t\t<div class=\"elementor-element elementor-element-2914527e e-flex e-con-boxed e-con e-parent\" data-id=\"2914527e\" data-element_type=\"container\" data-e-type=\"container\">\n\t\t\t\t\t<div class=\"e-con-inner\">\n\t\t\t\t<div class=\"elementor-element elementor-element-4dbd6ace elementor-widget elementor-widget-heading\" data-id=\"4dbd6ace\" data-element_type=\"widget\" data-e-type=\"widget\" data-widget_type=\"heading.default\">\n\t\t\t\t<div class=\"elementor-widget-container\">\n\t\t\t\t\t<h3 class=\"elementor-heading-title elementor-size-default\">Description<\/h3>\t\t\t\t<\/div>\n\t\t\t\t<\/div>\n\t\t\t\t<div class=\"elementor-element elementor-element-92289fe elementor-widget-divider--view-line elementor-widget elementor-widget-divider\" data-id=\"92289fe\" data-element_type=\"widget\" data-e-type=\"widget\" data-widget_type=\"divider.default\">\n\t\t\t\t<div class=\"elementor-widget-container\">\n\t\t\t\t\t\t\t<div class=\"elementor-divider\">\n\t\t\t<span class=\"elementor-divider-separator\">\n\t\t\t\t\t\t<\/span>\n\t\t<\/div>\n\t\t\t\t\t\t<\/div>\n\t\t\t\t<\/div>\n\t\t\t\t<div class=\"elementor-element elementor-element-8562f45 elementor-widget elementor-widget-text-editor\" data-id=\"8562f45\" data-element_type=\"widget\" data-e-type=\"widget\" data-widget_type=\"text-editor.default\">\n\t\t\t\t<div class=\"elementor-widget-container\">\n\t\t\t\t\t\t\t\t\t<p>Le n\u00e9oclassicisme dans la premi\u00e8re moiti\u00e9 du XIXe si\u00e8cle. Une promenade le long de trois palais de la ville par l\u2019architecte municipal Roelandt (auditorium de l\u2019universit\u00e9, op\u00e9ra et ancien palais de justice). Une histoire sur l\u2019architecture, la culture et la mentalit\u00e9 de la haute bourgeoisie.  <\/p>\t\t\t\t\t\t\t\t<\/div>\n\t\t\t\t<\/div>\n\t\t\t\t<div class=\"elementor-element elementor-element-25bf6c4d elementor-widget elementor-widget-heading\" data-id=\"25bf6c4d\" data-element_type=\"widget\" data-e-type=\"widget\" data-widget_type=\"heading.default\">\n\t\t\t\t<div class=\"elementor-widget-container\">\n\t\t\t\t\t<h5 class=\"elementor-heading-title elementor-size-default\">Prix de la visite guid\u00e9e<\/h5>\t\t\t\t<\/div>\n\t\t\t\t<\/div>\n\t\t\t\t<div class=\"elementor-element elementor-element-2e733b90 elementor-widget elementor-widget-text-editor\" data-id=\"2e733b90\" data-element_type=\"widget\" data-e-type=\"widget\" data-widget_type=\"text-editor.default\">\n\t\t\t\t<div class=\"elementor-widget-container\">\n\t\t\t\t\t\t\t\t\t<p><span style=\"font-size: 1rem; font-style: inherit; font-weight: inherit; text-align: var(--text-align); color: var(--ast-global-color-3); background-color: var(--ast-global-color-4);\">Nos prix sont d\u00e9termin\u00e9s par le nombre de participants. Vous les trouverez dans le formulaire de r\u00e9servation en ligne ci-dessous. N&rsquo;h\u00e9sitez pas \u00e0 jeter un coup d&rsquo;\u0153il et \u00e0 r\u00e9server cette visite unique. <\/span><\/p>\t\t\t\t\t\t\t\t<\/div>\n\t\t\t\t<\/div>\n\t\t\t\t<div class=\"elementor-element elementor-element-63b398cd elementor-widget elementor-widget-heading\" data-id=\"63b398cd\" data-element_type=\"widget\" data-e-type=\"widget\" data-widget_type=\"heading.default\">\n\t\t\t\t<div class=\"elementor-widget-container\">\n\t\t\t\t\t<h3 class=\"elementor-heading-title elementor-size-default\">R\u00e9servation en ligne<\/h3>\t\t\t\t<\/div>\n\t\t\t\t<\/div>\n\t\t\t\t<div class=\"elementor-element elementor-element-2b0d2d5c elementor-widget-divider--view-line elementor-widget elementor-widget-divider\" data-id=\"2b0d2d5c\" data-element_type=\"widget\" data-e-type=\"widget\" data-widget_type=\"divider.default\">\n\t\t\t\t<div class=\"elementor-widget-container\">\n\t\t\t\t\t\t\t<div class=\"elementor-divider\">\n\t\t\t<span class=\"elementor-divider-separator\">\n\t\t\t\t\t\t<\/span>\n\t\t<\/div>\n\t\t\t\t\t\t<\/div>\n\t\t\t\t<\/div>\n\t\t\t\t\t<\/div>\n\t\t\t\t<\/div>\n\t\t<div class=\"elementor-element elementor-element-17200146 e-flex e-con-boxed e-con e-parent\" data-id=\"17200146\" data-element_type=\"container\" data-e-type=\"container\">\n\t\t\t\t\t<div class=\"e-con-inner\">\n\t\t\t\t<div class=\"elementor-element elementor-element-2d17983 elementor-widget elementor-widget-stepbooking\" data-id=\"2d17983\" data-element_type=\"widget\" data-e-type=\"widget\" data-widget_type=\"stepbooking.default\">\n\t\t\t\t<div class=\"elementor-widget-container\">\n\t\t\t\t\t\n<script>\n  if (typeof hasAmeliaEntitiesApiCall === 'undefined' && ('' === '' && '' !== '1')) {\n    var hasAmeliaEntitiesApiCall = true;\n  }\n  var ameliaShortcodeData = (typeof ameliaShortcodeData === 'undefined') ? [] : ameliaShortcodeData;\n  ameliaShortcodeData.push(\n    {\n      'hasApiCall': (typeof hasAmeliaEntitiesApiCall !== 'undefined') && hasAmeliaEntitiesApiCall,\n      'trigger': '',\n      'trigger_type': '',\n      'triggered_form': 'sbsNew',\n      'in_dialog': '',\n      'show': '',\n      'counter': '1000',\n      'category': '',\n      'service': '79',\n      'employee': '',\n      'location': '',\n      'package': '',\n      'layout': '1',\n    }\n  );\n\n  var ameliaShortcodeDataTriggered = (typeof ameliaShortcodeDataTriggered === 'undefined') ? [] : ameliaShortcodeDataTriggered;\n  if (ameliaShortcodeData[ameliaShortcodeData.length - 1].trigger !== '') {\n    if (ameliaShortcodeDataTriggered.filter(a => a.counter === ameliaShortcodeData[ameliaShortcodeData.length - 1].counter).length === 0) {\n      ameliaShortcodeDataTriggered.push(ameliaShortcodeData.pop());\n    } else {\n      ameliaShortcodeData.pop()\n    }\n  }\n  if (typeof hasAmeliaEntitiesApiCall !== 'undefined' && hasAmeliaEntitiesApiCall) {\n    hasAmeliaEntitiesApiCall = false;\n  }\n<\/script>\n\n<div\n  id=\"amelia-v2-booking-1000\"\n  class=\"amelia-v2-booking\"\n >\n    <step-form-wrapper><\/step-form-wrapper><\/div>\n\t\t\t\t<\/div>\n\t\t\t\t<\/div>\n\t\t\t\t<div class=\"elementor-element elementor-element-49419f8a elementor-widget elementor-widget-spacer\" data-id=\"49419f8a\" data-element_type=\"widget\" data-e-type=\"widget\" data-widget_type=\"spacer.default\">\n\t\t\t\t<div class=\"elementor-widget-container\">\n\t\t\t\t\t\t\t<div class=\"elementor-spacer\">\n\t\t\t<div class=\"elementor-spacer-inner\"><\/div>\n\t\t<\/div>\n\t\t\t\t\t\t<\/div>\n\t\t\t\t<\/div>\n\t\t\t\t<div class=\"elementor-element elementor-element-70a1476f elementor-widget elementor-widget-text-editor\" data-id=\"70a1476f\" data-element_type=\"widget\" data-e-type=\"widget\" data-widget_type=\"text-editor.default\">\n\t\t\t\t<div class=\"elementor-widget-container\">\n\t\t\t\t\t\t\t\t\t<div class=\"addtoany_shortcode\"><div class=\"a2a_kit a2a_kit_size_26 addtoany_list\" data-a2a-url=\"https:\/\/www.walkingent.be\/fr\/visites-guidees\/celebrite-et-grandeur-gand-et-louis-roelandt\/\" data-a2a-title=\"C\u00e9l\u00e9brit\u00e9 et grandeur, Gand et Louis Roelandt\"><a class=\"a2a_button_facebook\" href=\"https:\/\/www.addtoany.com\/add_to\/facebook?linkurl=https%3A%2F%2Fwww.walkingent.be%2Ffr%2Fvisites-guidees%2Fcelebrite-et-grandeur-gand-et-louis-roelandt%2F&amp;linkname=C%C3%A9l%C3%A9brit%C3%A9%20et%20grandeur%2C%20Gand%20et%20Louis%20Roelandt\" title=\"Facebook\" rel=\"nofollow noopener\" target=\"_blank\"><\/a><a class=\"a2a_button_linkedin\" href=\"https:\/\/www.addtoany.com\/add_to\/linkedin?linkurl=https%3A%2F%2Fwww.walkingent.be%2Ffr%2Fvisites-guidees%2Fcelebrite-et-grandeur-gand-et-louis-roelandt%2F&amp;linkname=C%C3%A9l%C3%A9brit%C3%A9%20et%20grandeur%2C%20Gand%20et%20Louis%20Roelandt\" title=\"LinkedIn\" rel=\"nofollow noopener\" target=\"_blank\"><\/a><a class=\"a2a_button_pinterest\" href=\"https:\/\/www.addtoany.com\/add_to\/pinterest?linkurl=https%3A%2F%2Fwww.walkingent.be%2Ffr%2Fvisites-guidees%2Fcelebrite-et-grandeur-gand-et-louis-roelandt%2F&amp;linkname=C%C3%A9l%C3%A9brit%C3%A9%20et%20grandeur%2C%20Gand%20et%20Louis%20Roelandt\" title=\"Pinterest\" rel=\"nofollow noopener\" target=\"_blank\"><\/a><a class=\"a2a_button_snapchat\" href=\"https:\/\/www.addtoany.com\/add_to\/snapchat?linkurl=https%3A%2F%2Fwww.walkingent.be%2Ffr%2Fvisites-guidees%2Fcelebrite-et-grandeur-gand-et-louis-roelandt%2F&amp;linkname=C%C3%A9l%C3%A9brit%C3%A9%20et%20grandeur%2C%20Gand%20et%20Louis%20Roelandt\" title=\"Snapchat\" rel=\"nofollow noopener\" target=\"_blank\"><\/a><a class=\"a2a_button_x\" href=\"https:\/\/www.addtoany.com\/add_to\/x?linkurl=https%3A%2F%2Fwww.walkingent.be%2Ffr%2Fvisites-guidees%2Fcelebrite-et-grandeur-gand-et-louis-roelandt%2F&amp;linkname=C%C3%A9l%C3%A9brit%C3%A9%20et%20grandeur%2C%20Gand%20et%20Louis%20Roelandt\" title=\"X\" rel=\"nofollow noopener\" target=\"_blank\"><\/a><\/div><\/div>\t\t\t\t\t\t\t\t<\/div>\n\t\t\t\t<\/div>\n\t\t\t\t\t<\/div>\n\t\t\t\t<\/div>\n\t\t\t\t<\/div>\n\t\t","protected":false},"excerpt":{"rendered":"<p>\u00e0 partir de 85 EUR C\u00e9l\u00e9brit\u00e9 et grandeur, Gand et Louis Roelandt Capacit\u00e9 : 1 \u00e0 20 participants Dur\u00e9e : 2h Retour \u00e0 l&rsquo;aper\u00e7u Description Le n\u00e9oclassicisme dans la premi\u00e8re moiti\u00e9 du XIXe si\u00e8cle. Une promenade le long de trois palais de la ville par l\u2019architecte municipal Roelandt (auditorium de l\u2019universit\u00e9, op\u00e9ra et ancien palais [&hellip;]<\/p>\n","protected":false},"author":21,"featured_media":0,"parent":5389,"menu_order":-1,"comment_status":"closed","ping_status":"closed","template":"","meta":{"site-sidebar-layout":"no-sidebar","site-content-layout":"page-builder","ast-site-content-layout":"full-width-container","site-content-style":"default","site-sidebar-style":"default","ast-global-header-display":"","ast-banner-title-visibility":"","ast-main-header-display":"","ast-hfb-above-header-display":"","ast-hfb-below-header-display":"","ast-hfb-mobile-header-display":"","site-post-title":"disabled","ast-breadcrumbs-content":"","ast-featured-img":"disabled","footer-sml-layout":"","ast-disable-related-posts":"","theme-transparent-header-meta":"","adv-header-id-meta":"","stick-header-meta":"","header-above-stick-meta":"","header-main-stick-meta":"","header-below-stick-meta":"","astra-migrate-meta-layouts":"default","ast-page-background-enabled":"default","ast-page-background-meta":{"desktop":{"background-color":"","background-image":"","background-repeat":"repeat","background-position":"center center","background-size":"auto","background-attachment":"scroll","background-type":"","background-media":"","overlay-type":"","overlay-color":"","overlay-opacity":"","overlay-gradient":""},"tablet":{"background-color":"","background-image":"","background-repeat":"repeat","background-position":"center center","background-size":"auto","background-attachment":"scroll","background-type":"","background-media":"","overlay-type":"","overlay-color":"","overlay-opacity":"","overlay-gradient":""},"mobile":{"background-color":"","background-image":"","background-repeat":"repeat","background-position":"center center","background-size":"auto","background-attachment":"scroll","background-type":"","background-media":"","overlay-type":"","overlay-color":"","overlay-opacity":"","overlay-gradient":""}},"ast-content-background-meta":{"desktop":{"background-color":"var(--ast-global-color-5)","background-image":"","background-repeat":"repeat","background-position":"center center","background-size":"auto","background-attachment":"scroll","background-type":"","background-media":"","overlay-type":"","overlay-color":"","overlay-opacity":"","overlay-gradient":""},"tablet":{"background-color":"var(--ast-global-color-5)","background-image":"","background-repeat":"repeat","background-position":"center center","background-size":"auto","background-attachment":"scroll","background-type":"","background-media":"","overlay-type":"","overlay-color":"","overlay-opacity":"","overlay-gradient":""},"mobile":{"background-color":"var(--ast-global-color-5)","background-image":"","background-repeat":"repeat","background-position":"center center","background-size":"auto","background-attachment":"scroll","background-type":"","background-media":"","overlay-type":"","overlay-color":"","overlay-opacity":"","overlay-gradient":""}},"footnotes":""},"class_list":["post-7714","page","type-page","status-publish","hentry"],"_links":{"self":[{"href":"https:\/\/www.walkingent.be\/fr\/wp-json\/wp\/v2\/pages\/7714","targetHints":{"allow":["GET"]}}],"collection":[{"href":"https:\/\/www.walkingent.be\/fr\/wp-json\/wp\/v2\/pages"}],"about":[{"href":"https:\/\/www.walkingent.be\/fr\/wp-json\/wp\/v2\/types\/page"}],"author":[{"embeddable":true,"href":"https:\/\/www.walkingent.be\/fr\/wp-json\/wp\/v2\/users\/21"}],"replies":[{"embeddable":true,"href":"https:\/\/www.walkingent.be\/fr\/wp-json\/wp\/v2\/comments?post=7714"}],"version-history":[{"count":7,"href":"https:\/\/www.walkingent.be\/fr\/wp-json\/wp\/v2\/pages\/7714\/revisions"}],"predecessor-version":[{"id":7825,"href":"https:\/\/www.walkingent.be\/fr\/wp-json\/wp\/v2\/pages\/7714\/revisions\/7825"}],"up":[{"embeddable":true,"href":"https:\/\/www.walkingent.be\/fr\/wp-json\/wp\/v2\/pages\/5389"}],"wp:attachment":[{"href":"https:\/\/www.walkingent.be\/fr\/wp-json\/wp\/v2\/media?parent=7714"}],"curies":[{"name":"wp","href":"https:\/\/api.w.org\/{rel}","templated":true}]}}