{"id":5450,"date":"2024-01-10T20:00:04","date_gmt":"2024-01-10T19:00:04","guid":{"rendered":"https:\/\/www.walkingent.be\/termini-e-condizioni-generali\/"},"modified":"2024-02-17T15:16:23","modified_gmt":"2024-02-17T14:16:23","slug":"termini-e-condizioni-generali","status":"publish","type":"page","link":"https:\/\/www.walkingent.be\/it\/termini-e-condizioni-generali\/","title":{"rendered":"Termini e condizioni generali"},"content":{"rendered":"\t\t<div data-elementor-type=\"wp-page\" data-elementor-id=\"5450\" class=\"elementor elementor-5450 elementor-1553\">\n\t\t\t\t<div class=\"elementor-element elementor-element-23bdc81 e-flex e-con-boxed e-con e-parent\" data-id=\"23bdc81\" data-element_type=\"container\" data-e-type=\"container\">\n\t\t\t\t\t<div class=\"e-con-inner\">\n\t\t\t\t<div class=\"elementor-element elementor-element-d2e50da elementor-widget elementor-widget-text-editor\" data-id=\"d2e50da\" data-element_type=\"widget\" data-e-type=\"widget\" data-widget_type=\"text-editor.default\">\n\t\t\t\t<div class=\"elementor-widget-container\">\n\t\t\t\t\t\t\t\t\t<p><\/p>\n<p><span style=\"font-style: inherit; font-weight: inherit; text-align: var(--text-align); background-color: var(--ast-global-color-5); color: var(--ast-global-color-3);\">1.<\/span> <span style=\"font-style: inherit; font-weight: inherit; text-align: var(--text-align); background-color: var(--ast-global-color-5); color: var(--ast-global-color-3);\">Walk vzw (WalkInGent) si impegna ad effettuare una prenotazione online ordinata e pagata. Dopo il pagamento, i clienti ricevono sempre una conferma via e-mail.<\/span><\/p>\n<p><span style=\"font-style: inherit; font-weight: inherit; text-align: var(--text-align); background-color: var(--ast-global-color-5); color: var(--ast-global-color-3);\">2.<\/span> <span style=\"font-style: inherit; font-weight: inherit; text-align: var(--text-align); background-color: var(--ast-global-color-5); color: var(--ast-global-color-3);\">Condizioni di pagamento e cancellazione:<\/span><\/p>\n<p>&#8211; Pagamento online o tramite bonifico bancario entro 14 giorni prima della data dello spettacolo.<br><span style=\"font-style: inherit; font-weight: inherit; text-align: var(--text-align); background-color: var(--ast-global-color-5); color: var(--ast-global-color-3);\">&#8211;<\/span> <span style=\"font-style: inherit; font-weight: inherit; text-align: var(--text-align); background-color: var(--ast-global-color-5); color: var(--ast-global-color-3);\">Per cancellazioni fino a 14 giorni prima della data della prestazione: rimborso del 100%.<br><\/span><span style=\"font-style: inherit; font-weight: inherit; text-align: var(--text-align); background-color: var(--ast-global-color-5); color: var(--ast-global-color-3);\">&#8211;<\/span> <span style=\"font-style: inherit; font-weight: inherit; text-align: var(--text-align); background-color: var(--ast-global-color-5); color: var(--ast-global-color-3);\">In caso di annullamento tra i 14 e i 7 giorni prima della data della prestazione: rimborso del 50%.<br><\/span><span style=\"font-style: inherit; font-weight: inherit; text-align: var(--text-align); color: var(--ast-global-color-3); background-color: var(--ast-global-color-5);\">&#8211;<\/span> <span style=\"font-style: inherit; font-weight: inherit; text-align: var(--text-align); color: var(--ast-global-color-3); background-color: var(--ast-global-color-5);\">Per cancellazioni a partire da 7 giorni prima della data dello spettacolo o in caso di &#8220;no show&#8221;: nessun rimborso.<br><\/span><span style=\"font-style: inherit; font-weight: inherit; text-align: var(--text-align); background-color: var(--ast-global-color-5); color: var(--ast-global-color-3);\">&#8211;<\/span> <span style=\"font-style: inherit; font-weight: inherit; text-align: var(--text-align); background-color: var(--ast-global-color-5); color: var(--ast-global-color-3);\">La riprogrammazione senza costi aggiuntivi di una prenotazione pagata \u00e8 possibile fino a 7 giorni prima della data dello spettacolo, dopodich\u00e9 verr\u00e0 addebitata una tassa amministrativa di 25 EUR.<\/span><\/p>\n<p>3. Se WalkInGent non pu\u00f2 svolgere l&#8217;attivit\u00e0 prevista per cause di forza maggiore, il cliente ha la possibilit\u00e0 di scegliere se riprogrammare l&#8217;attivit\u00e0 prevista in una nuova data o annullarla. In quest&#8217;ultimo caso, l&#8217;importo eventualmente gi\u00e0 versato sar\u00e0 interamente rimborsato.<\/p>\n<p><span style=\"font-style: inherit; font-weight: inherit; text-align: var(--text-align); background-color: var(--ast-global-color-5); color: var(--ast-global-color-3);\">4.<\/span> <span style=\"font-style: inherit; font-weight: inherit; text-align: var(--text-align); background-color: var(--ast-global-color-5); color: var(--ast-global-color-3);\">In caso di mancato pagamento di una prenotazione al pi\u00f9 tardi 14 giorni prima della data della prestazione, questa non verr\u00e0 eseguita, a meno che non sia stato preso un accordo diverso con il cliente via e-mail. <\/span> <\/p>\n<p><span style=\"font-style: inherit; font-weight: inherit; text-align: var(--text-align); background-color: var(--ast-global-color-5); color: var(--ast-global-color-3);\">5. I buoni regalo vengono ordinati online e pagati tramite bonifico bancario.  <\/span>Un buono regalo pu\u00f2 essere utilizzato pi\u00f9 volte fino all&#8217;esaurimento del saldo disponibile. Un buono regalo pu\u00f2 essere trasmesso. Un buono regalo \u00e8 valido per 2 anni dalla data di emissione.  <\/p>\n<p><span style=\"font-style: inherit; font-weight: inherit; text-align: var(--text-align); background-color: var(--ast-global-color-5); color: var(--ast-global-color-3);\">6.<\/span> <span style=\"font-style: inherit; font-weight: inherit; text-align: var(--text-align); background-color: var(--ast-global-color-5); color: var(--ast-global-color-3);\">Tutte le fatture devono essere pagate a Gent entro sette giorni dalla data della fattura. I ritardi di pagamento comportano automaticamente l&#8217;applicazione di interessi di mora a partire dalla data di scadenza, al tasso legale maggiorato del 3%. Inoltre, a partire da un avviso di mora, sar\u00e0 dovuto un indennizzo fisso pari al 10% dell&#8217;importo della fattura, con un minimo di 75,- EUR per le spese amministrative.<\/span><\/p>\n<p><span style=\"font-style: inherit; font-weight: inherit; text-align: var(--text-align); background-color: var(--ast-global-color-5); color: var(--ast-global-color-3);\">7.<\/span> <span style=\"font-style: inherit; font-weight: inherit; text-align: var(--text-align); background-color: var(--ast-global-color-5); color: var(--ast-global-color-3);\">Si applica esclusivamente il diritto belga; in caso di controversia, sono competenti solo i tribunali di Gand o il Giudice di Pace del Primo Cantone di Gand.<\/span><\/p>\n<p><span style=\"font-style: inherit; font-weight: inherit; text-align: var(--text-align); color: var(--ast-global-color-3); background-color: var(--ast-global-color-5);\">8.<\/span> <span style=\"font-style: inherit; font-weight: inherit; text-align: var(--text-align); color: var(--ast-global-color-3); background-color: var(--ast-global-color-5);\">WalkInGent non \u00e8 responsabile degli incidenti che si verificano durante l&#8217;attivit\u00e0.<\/span><\/p>\n<p> <\/p>\n<p style=\"margin: 0cm; font-size: 12pt; font-family: Calibri, sans-serif; color: #000000; font-style: normal; font-weight: 400;\"> <\/p>\n<p><\/p>\t\t\t\t\t\t\t\t<\/div>\n\t\t\t\t<\/div>\n\t\t\t\t\t<\/div>\n\t\t\t\t<\/div>\n\t\t\t\t<\/div>\n\t\t","protected":false},"excerpt":{"rendered":"<p>1. Walk vzw (WalkInGent) si impegna ad effettuare una prenotazione online ordinata e pagata. Dopo il pagamento, i clienti ricevono sempre una conferma via e-mail. 2. Condizioni di pagamento e cancellazione: &#8211; Pagamento online o tramite bonifico bancario entro 14 giorni prima della data dello spettacolo.&#8211; Per cancellazioni fino a 14 giorni prima della data [&hellip;]<\/p>\n","protected":false},"author":1,"featured_media":0,"parent":0,"menu_order":0,"comment_status":"closed","ping_status":"closed","template":"","meta":{"site-sidebar-layout":"default","site-content-layout":"","ast-site-content-layout":"default","site-content-style":"default","site-sidebar-style":"default","ast-global-header-display":"","ast-banner-title-visibility":"","ast-main-header-display":"","ast-hfb-above-header-display":"","ast-hfb-below-header-display":"","ast-hfb-mobile-header-display":"","site-post-title":"","ast-breadcrumbs-content":"","ast-featured-img":"","footer-sml-layout":"","ast-disable-related-posts":"","theme-transparent-header-meta":"","adv-header-id-meta":"","stick-header-meta":"","header-above-stick-meta":"","header-main-stick-meta":"","header-below-stick-meta":"","astra-migrate-meta-layouts":"default","ast-page-background-enabled":"default","ast-page-background-meta":{"desktop":{"background-color":"","background-image":"","background-repeat":"repeat","background-position":"center center","background-size":"auto","background-attachment":"scroll","background-type":"","background-media":"","overlay-type":"","overlay-color":"","overlay-opacity":"","overlay-gradient":""},"tablet":{"background-color":"","background-image":"","background-repeat":"repeat","background-position":"center center","background-size":"auto","background-attachment":"scroll","background-type":"","background-media":"","overlay-type":"","overlay-color":"","overlay-opacity":"","overlay-gradient":""},"mobile":{"background-color":"","background-image":"","background-repeat":"repeat","background-position":"center center","background-size":"auto","background-attachment":"scroll","background-type":"","background-media":"","overlay-type":"","overlay-color":"","overlay-opacity":"","overlay-gradient":""}},"ast-content-background-meta":{"desktop":{"background-color":"var(--ast-global-color-5)","background-image":"","background-repeat":"repeat","background-position":"center center","background-size":"auto","background-attachment":"scroll","background-type":"","background-media":"","overlay-type":"","overlay-color":"","overlay-opacity":"","overlay-gradient":""},"tablet":{"background-color":"var(--ast-global-color-5)","background-image":"","background-repeat":"repeat","background-position":"center center","background-size":"auto","background-attachment":"scroll","background-type":"","background-media":"","overlay-type":"","overlay-color":"","overlay-opacity":"","overlay-gradient":""},"mobile":{"background-color":"var(--ast-global-color-5)","background-image":"","background-repeat":"repeat","background-position":"center center","background-size":"auto","background-attachment":"scroll","background-type":"","background-media":"","overlay-type":"","overlay-color":"","overlay-opacity":"","overlay-gradient":""}},"footnotes":""},"class_list":["post-5450","page","type-page","status-publish","hentry"],"_links":{"self":[{"href":"https:\/\/www.walkingent.be\/it\/wp-json\/wp\/v2\/pages\/5450","targetHints":{"allow":["GET"]}}],"collection":[{"href":"https:\/\/www.walkingent.be\/it\/wp-json\/wp\/v2\/pages"}],"about":[{"href":"https:\/\/www.walkingent.be\/it\/wp-json\/wp\/v2\/types\/page"}],"author":[{"embeddable":true,"href":"https:\/\/www.walkingent.be\/it\/wp-json\/wp\/v2\/users\/1"}],"replies":[{"embeddable":true,"href":"https:\/\/www.walkingent.be\/it\/wp-json\/wp\/v2\/comments?post=5450"}],"version-history":[{"count":0,"href":"https:\/\/www.walkingent.be\/it\/wp-json\/wp\/v2\/pages\/5450\/revisions"}],"wp:attachment":[{"href":"https:\/\/www.walkingent.be\/it\/wp-json\/wp\/v2\/media?parent=5450"}],"curies":[{"name":"wp","href":"https:\/\/api.w.org\/{rel}","templated":true}]}}